{"id":4579,"date":"2022-11-15T11:46:26","date_gmt":"2022-11-15T11:46:26","guid":{"rendered":"https:\/\/robusathletics.com\/gymbars\/"},"modified":"2023-11-28T09:06:38","modified_gmt":"2023-11-28T09:06:38","slug":"gymbars","status":"publish","type":"page","link":"https:\/\/robusathletics.com\/et\/gymbars\/","title":{"rendered":"Gymbars"},"content":{"rendered":"","protected":false},"excerpt":{"rendered":"","protected":false},"author":1,"featured_media":0,"parent":0,"menu_order":0,"comment_status":"closed","ping_status":"closed","template":"templates\/gymbars.php","meta":{"_acf_changed":false,"footnotes":""},"class_list":["post-4579","page","type-page","status-publish","hentry"],"acf":[],"yoast_head":"<!-- This site is optimized with the Yoast SEO plugin v24.8.1 - https:\/\/yoast.com\/wordpress\/plugins\/seo\/ -->\n<title>GymBars &#8211; Robus Athletics &#8211; Treeni k\u00f5ikjal!<\/title>\n<meta name=\"description\" content=\"Patenteeritud GymBars k\u00e4sikud. Arenda lihasmassi, plahvatuslikkust ja j\u00f5uvastupidavust sama t\u00f5husalt kui spordisaalis. Vaata l\u00e4hemalt!\" \/>\n<meta name=\"robots\" content=\"index, follow, max-snippet:-1, max-image-preview:large, max-video-preview:-1\" \/>\n<link rel=\"canonical\" href=\"https:\/\/robusathletics.com\/et\/gymbars\/\" \/>\n<meta property=\"og:locale\" content=\"et_EE\" \/>\n<meta property=\"og:type\" content=\"article\" \/>\n<meta property=\"og:title\" content=\"GymBars &#8211; Robus Athletics &#8211; Treeni k\u00f5ikjal!\" \/>\n<meta property=\"og:description\" content=\"Patenteeritud GymBars k\u00e4sikud. Arenda lihasmassi, plahvatuslikkust ja j\u00f5uvastupidavust sama t\u00f5husalt kui spordisaalis. Vaata l\u00e4hemalt!\" \/>\n<meta property=\"og:url\" content=\"https:\/\/robusathletics.com\/et\/gymbars\/\" \/>\n<meta property=\"og:site_name\" content=\"Robus Athletics\" \/>\n<meta property=\"article:modified_time\" content=\"2023-11-28T09:06:38+00:00\" \/>\n<meta name=\"twitter:card\" content=\"summary_large_image\" \/>\n<script type=\"application\/ld+json\" class=\"yoast-schema-graph\">{\"@context\":\"https:\/\/schema.org\",\"@graph\":[{\"@type\":\"WebPage\",\"@id\":\"https:\/\/robusathletics.com\/et\/gymbars\/\",\"url\":\"https:\/\/robusathletics.com\/et\/gymbars\/\",\"name\":\"GymBars &#8211; Robus Athletics &#8211; Treeni k\u00f5ikjal!\",\"isPartOf\":{\"@id\":\"https:\/\/robusathletics.com\/et\/#website\"},\"datePublished\":\"2022-11-15T11:46:26+00:00\",\"dateModified\":\"2023-11-28T09:06:38+00:00\",\"description\":\"Patenteeritud GymBars k\u00e4sikud. Arenda lihasmassi, plahvatuslikkust ja j\u00f5uvastupidavust sama t\u00f5husalt kui spordisaalis. Vaata l\u00e4hemalt!\",\"breadcrumb\":{\"@id\":\"https:\/\/robusathletics.com\/et\/gymbars\/#breadcrumb\"},\"inLanguage\":\"et\",\"potentialAction\":[{\"@type\":\"ReadAction\",\"target\":[\"https:\/\/robusathletics.com\/et\/gymbars\/\"]}]},{\"@type\":\"BreadcrumbList\",\"@id\":\"https:\/\/robusathletics.com\/et\/gymbars\/#breadcrumb\",\"itemListElement\":[{\"@type\":\"ListItem\",\"position\":1,\"name\":\"Home\",\"item\":\"https:\/\/robusathletics.com\/et\/\"},{\"@type\":\"ListItem\",\"position\":2,\"name\":\"Gymbars\"}]},{\"@type\":\"WebSite\",\"@id\":\"https:\/\/robusathletics.com\/et\/#website\",\"url\":\"https:\/\/robusathletics.com\/et\/\",\"name\":\"Robus Athletics\",\"description\":\"\",\"potentialAction\":[{\"@type\":\"SearchAction\",\"target\":{\"@type\":\"EntryPoint\",\"urlTemplate\":\"https:\/\/robusathletics.com\/et\/?s={search_term_string}\"},\"query-input\":{\"@type\":\"PropertyValueSpecification\",\"valueRequired\":true,\"valueName\":\"search_term_string\"}}],\"inLanguage\":\"et\"}]}<\/script>\n<!-- \/ Yoast SEO plugin. -->","yoast_head_json":{"title":"GymBars &#8211; Robus Athletics &#8211; Treeni k\u00f5ikjal!","description":"Patenteeritud GymBars k\u00e4sikud. Arenda lihasmassi, plahvatuslikkust ja j\u00f5uvastupidavust sama t\u00f5husalt kui spordisaalis. Vaata l\u00e4hemalt!","robots":{"index":"index","follow":"follow","max-snippet":"max-snippet:-1","max-image-preview":"max-image-preview:large","max-video-preview":"max-video-preview:-1"},"canonical":"https:\/\/robusathletics.com\/et\/gymbars\/","og_locale":"et_EE","og_type":"article","og_title":"GymBars &#8211; Robus Athletics &#8211; Treeni k\u00f5ikjal!","og_description":"Patenteeritud GymBars k\u00e4sikud. Arenda lihasmassi, plahvatuslikkust ja j\u00f5uvastupidavust sama t\u00f5husalt kui spordisaalis. Vaata l\u00e4hemalt!","og_url":"https:\/\/robusathletics.com\/et\/gymbars\/","og_site_name":"Robus Athletics","article_modified_time":"2023-11-28T09:06:38+00:00","twitter_card":"summary_large_image","schema":{"@context":"https:\/\/schema.org","@graph":[{"@type":"WebPage","@id":"https:\/\/robusathletics.com\/et\/gymbars\/","url":"https:\/\/robusathletics.com\/et\/gymbars\/","name":"GymBars &#8211; Robus Athletics &#8211; Treeni k\u00f5ikjal!","isPartOf":{"@id":"https:\/\/robusathletics.com\/et\/#website"},"datePublished":"2022-11-15T11:46:26+00:00","dateModified":"2023-11-28T09:06:38+00:00","description":"Patenteeritud GymBars k\u00e4sikud. Arenda lihasmassi, plahvatuslikkust ja j\u00f5uvastupidavust sama t\u00f5husalt kui spordisaalis. Vaata l\u00e4hemalt!","breadcrumb":{"@id":"https:\/\/robusathletics.com\/et\/gymbars\/#breadcrumb"},"inLanguage":"et","potentialAction":[{"@type":"ReadAction","target":["https:\/\/robusathletics.com\/et\/gymbars\/"]}]},{"@type":"BreadcrumbList","@id":"https:\/\/robusathletics.com\/et\/gymbars\/#breadcrumb","itemListElement":[{"@type":"ListItem","position":1,"name":"Home","item":"https:\/\/robusathletics.com\/et\/"},{"@type":"ListItem","position":2,"name":"Gymbars"}]},{"@type":"WebSite","@id":"https:\/\/robusathletics.com\/et\/#website","url":"https:\/\/robusathletics.com\/et\/","name":"Robus Athletics","description":"","potentialAction":[{"@type":"SearchAction","target":{"@type":"EntryPoint","urlTemplate":"https:\/\/robusathletics.com\/et\/?s={search_term_string}"},"query-input":{"@type":"PropertyValueSpecification","valueRequired":true,"valueName":"search_term_string"}}],"inLanguage":"et"}]}},"_links":{"self":[{"href":"https:\/\/robusathletics.com\/et\/wp-json\/wp\/v2\/pages\/4579","targetHints":{"allow":["GET"]}}],"collection":[{"href":"https:\/\/robusathletics.com\/et\/wp-json\/wp\/v2\/pages"}],"about":[{"href":"https:\/\/robusathletics.com\/et\/wp-json\/wp\/v2\/types\/page"}],"author":[{"embeddable":true,"href":"https:\/\/robusathletics.com\/et\/wp-json\/wp\/v2\/users\/1"}],"replies":[{"embeddable":true,"href":"https:\/\/robusathletics.com\/et\/wp-json\/wp\/v2\/comments?post=4579"}],"version-history":[{"count":27,"href":"https:\/\/robusathletics.com\/et\/wp-json\/wp\/v2\/pages\/4579\/revisions"}],"predecessor-version":[{"id":5901,"href":"https:\/\/robusathletics.com\/et\/wp-json\/wp\/v2\/pages\/4579\/revisions\/5901"}],"wp:attachment":[{"href":"https:\/\/robusathletics.com\/et\/wp-json\/wp\/v2\/media?parent=4579"}],"curies":[{"name":"wp","href":"https:\/\/api.w.org\/{rel}","templated":true}]}}