{"id":4591,"date":"2022-12-23T06:31:08","date_gmt":"2022-12-23T06:31:08","guid":{"rendered":"https:\/\/robusathletics.com\/ood\/"},"modified":"2023-06-12T08:04:41","modified_gmt":"2023-06-12T08:04:41","slug":"ood","status":"publish","type":"page","link":"https:\/\/robusathletics.com\/et\/ood\/","title":{"rendered":"Robus X \u00d6\u00d6D"},"content":{"rendered":"<h1 class=\"wp-block-heading\">Robus X \u00d6\u00d6D<\/h1><p><\/p><p>Robus Athletics and <a href=\"https:\/\/oodhotels.com\/\" target=\"_blank\" rel=\"noreferrer noopener\">\u00d6\u00d6D H\u00f6tels<\/a> have created this collaboration in order to bring you the ultimate wellness experience.&nbsp;&nbsp;&nbsp;<\/p><p>To keep balance in life, we need regular exercise. When you work out, your body releases chemicals called endorphins. These endorphins interact with the receptors in your brain that reduce the perception of pain and also trigger a positive feeling in the body.&nbsp;&nbsp;&nbsp;<\/p><p>This here, is a Robus BUILD circuit training routine, which is meant to target all of your major muscle groups.&nbsp;<\/p><p>The exercise routine is suitable for everyone. When you are a beginner start with bands number 1 and 2. If you want to challenge yourself, simply use bands number 3 and 4 or use the stacking method for extra endurance.&nbsp;<\/p><p><\/p><h3 class=\"wp-block-heading\">Robus BUILD circuit training routine<\/h3><div class=\"wp-block-columns is-layout-flex wp-container-core-columns-is-layout-9d6595d7 wp-block-columns-is-layout-flex\"><div class=\"wp-block-column is-layout-flow wp-block-column-is-layout-flow\" style=\"flex-basis:100%\"><figure class=\"wp-block-embed is-type-video is-provider-vimeo wp-block-embed-vimeo wp-embed-aspect-16-9 wp-has-aspect-ratio\"><div class=\"wp-block-embed__wrapper\">\n<iframe loading=\"lazy\" title=\"Build 1.2\" src=\"https:\/\/player.vimeo.com\/video\/785871264?dnt=1&amp;app_id=122963\" width=\"500\" height=\"281\" frameborder=\"0\" allow=\"autoplay; fullscreen; picture-in-picture; clipboard-write\"><\/iframe>\n<\/div><\/figure><\/div><\/div>","protected":false},"excerpt":{"rendered":"<p>Robus X \u00d6\u00d6D Robus Athletics and \u00d6\u00d6D H\u00f6tels have created this collaboration in order to bring you the ultimate wellness experience.&nbsp;&nbsp;&nbsp; To keep balance in life, we need regular exercise. When you work out, your body releases chemicals called endorphins. These endorphins interact with the receptors in your brain that reduce the perception of pain [&hellip;]<\/p>\n","protected":false},"author":4,"featured_media":0,"parent":0,"menu_order":0,"comment_status":"closed","ping_status":"closed","template":"","meta":{"_acf_changed":false,"footnotes":""},"class_list":["post-4591","page","type-page","status-publish","hentry"],"acf":[],"yoast_head":"<!-- This site is optimized with the Yoast SEO plugin v24.8.1 - https:\/\/yoast.com\/wordpress\/plugins\/seo\/ -->\n<title>Robus Athletics and \u00d6\u00d6D H\u00f6tels<\/title>\n<meta name=\"description\" content=\"Robus Athletics and \u00d6\u00d6D H\u00f6tels have created this collaboration in order to bring you the ultimate wellness experience.\" \/>\n<meta name=\"robots\" content=\"index, follow, max-snippet:-1, max-image-preview:large, max-video-preview:-1\" \/>\n<link rel=\"canonical\" href=\"https:\/\/robusathletics.com\/et\/ood\/\" \/>\n<meta property=\"og:locale\" content=\"et_EE\" \/>\n<meta property=\"og:type\" content=\"article\" \/>\n<meta property=\"og:title\" content=\"Robus Athletics and \u00d6\u00d6D H\u00f6tels\" \/>\n<meta property=\"og:description\" content=\"Robus Athletics and \u00d6\u00d6D H\u00f6tels have created this collaboration in order to bring you the ultimate wellness experience.\" \/>\n<meta property=\"og:url\" content=\"https:\/\/robusathletics.com\/et\/ood\/\" \/>\n<meta property=\"og:site_name\" content=\"Robus Athletics\" \/>\n<meta property=\"article:modified_time\" content=\"2023-06-12T08:04:41+00:00\" \/>\n<meta name=\"twitter:card\" content=\"summary_large_image\" \/>\n<meta name=\"twitter:label1\" content=\"Est. reading time\" \/>\n\t<meta name=\"twitter:data1\" content=\"1 minut\" \/>\n<script type=\"application\/ld+json\" class=\"yoast-schema-graph\">{\"@context\":\"https:\/\/schema.org\",\"@graph\":[{\"@type\":\"WebPage\",\"@id\":\"https:\/\/robusathletics.com\/et\/ood\/\",\"url\":\"https:\/\/robusathletics.com\/et\/ood\/\",\"name\":\"Robus Athletics and \u00d6\u00d6D H\u00f6tels\",\"isPartOf\":{\"@id\":\"https:\/\/robusathletics.com\/et\/#website\"},\"datePublished\":\"2022-12-23T06:31:08+00:00\",\"dateModified\":\"2023-06-12T08:04:41+00:00\",\"description\":\"Robus Athletics and \u00d6\u00d6D H\u00f6tels have created this collaboration in order to bring you the ultimate wellness experience.\",\"breadcrumb\":{\"@id\":\"https:\/\/robusathletics.com\/et\/ood\/#breadcrumb\"},\"inLanguage\":\"et\",\"potentialAction\":[{\"@type\":\"ReadAction\",\"target\":[\"https:\/\/robusathletics.com\/et\/ood\/\"]}]},{\"@type\":\"BreadcrumbList\",\"@id\":\"https:\/\/robusathletics.com\/et\/ood\/#breadcrumb\",\"itemListElement\":[{\"@type\":\"ListItem\",\"position\":1,\"name\":\"Home\",\"item\":\"https:\/\/robusathletics.com\/et\/\"},{\"@type\":\"ListItem\",\"position\":2,\"name\":\"Robus X \u00d6\u00d6D\"}]},{\"@type\":\"WebSite\",\"@id\":\"https:\/\/robusathletics.com\/et\/#website\",\"url\":\"https:\/\/robusathletics.com\/et\/\",\"name\":\"Robus Athletics\",\"description\":\"\",\"potentialAction\":[{\"@type\":\"SearchAction\",\"target\":{\"@type\":\"EntryPoint\",\"urlTemplate\":\"https:\/\/robusathletics.com\/et\/?s={search_term_string}\"},\"query-input\":{\"@type\":\"PropertyValueSpecification\",\"valueRequired\":true,\"valueName\":\"search_term_string\"}}],\"inLanguage\":\"et\"}]}<\/script>\n<!-- \/ Yoast SEO plugin. -->","yoast_head_json":{"title":"Robus Athletics and \u00d6\u00d6D H\u00f6tels","description":"Robus Athletics and \u00d6\u00d6D H\u00f6tels have created this collaboration in order to bring you the ultimate wellness experience.","robots":{"index":"index","follow":"follow","max-snippet":"max-snippet:-1","max-image-preview":"max-image-preview:large","max-video-preview":"max-video-preview:-1"},"canonical":"https:\/\/robusathletics.com\/et\/ood\/","og_locale":"et_EE","og_type":"article","og_title":"Robus Athletics and \u00d6\u00d6D H\u00f6tels","og_description":"Robus Athletics and \u00d6\u00d6D H\u00f6tels have created this collaboration in order to bring you the ultimate wellness experience.","og_url":"https:\/\/robusathletics.com\/et\/ood\/","og_site_name":"Robus Athletics","article_modified_time":"2023-06-12T08:04:41+00:00","twitter_card":"summary_large_image","twitter_misc":{"Est. reading time":"1 minut"},"schema":{"@context":"https:\/\/schema.org","@graph":[{"@type":"WebPage","@id":"https:\/\/robusathletics.com\/et\/ood\/","url":"https:\/\/robusathletics.com\/et\/ood\/","name":"Robus Athletics and \u00d6\u00d6D H\u00f6tels","isPartOf":{"@id":"https:\/\/robusathletics.com\/et\/#website"},"datePublished":"2022-12-23T06:31:08+00:00","dateModified":"2023-06-12T08:04:41+00:00","description":"Robus Athletics and \u00d6\u00d6D H\u00f6tels have created this collaboration in order to bring you the ultimate wellness experience.","breadcrumb":{"@id":"https:\/\/robusathletics.com\/et\/ood\/#breadcrumb"},"inLanguage":"et","potentialAction":[{"@type":"ReadAction","target":["https:\/\/robusathletics.com\/et\/ood\/"]}]},{"@type":"BreadcrumbList","@id":"https:\/\/robusathletics.com\/et\/ood\/#breadcrumb","itemListElement":[{"@type":"ListItem","position":1,"name":"Home","item":"https:\/\/robusathletics.com\/et\/"},{"@type":"ListItem","position":2,"name":"Robus X \u00d6\u00d6D"}]},{"@type":"WebSite","@id":"https:\/\/robusathletics.com\/et\/#website","url":"https:\/\/robusathletics.com\/et\/","name":"Robus Athletics","description":"","potentialAction":[{"@type":"SearchAction","target":{"@type":"EntryPoint","urlTemplate":"https:\/\/robusathletics.com\/et\/?s={search_term_string}"},"query-input":{"@type":"PropertyValueSpecification","valueRequired":true,"valueName":"search_term_string"}}],"inLanguage":"et"}]}},"_links":{"self":[{"href":"https:\/\/robusathletics.com\/et\/wp-json\/wp\/v2\/pages\/4591","targetHints":{"allow":["GET"]}}],"collection":[{"href":"https:\/\/robusathletics.com\/et\/wp-json\/wp\/v2\/pages"}],"about":[{"href":"https:\/\/robusathletics.com\/et\/wp-json\/wp\/v2\/types\/page"}],"author":[{"embeddable":true,"href":"https:\/\/robusathletics.com\/et\/wp-json\/wp\/v2\/users\/4"}],"replies":[{"embeddable":true,"href":"https:\/\/robusathletics.com\/et\/wp-json\/wp\/v2\/comments?post=4591"}],"version-history":[{"count":1,"href":"https:\/\/robusathletics.com\/et\/wp-json\/wp\/v2\/pages\/4591\/revisions"}],"predecessor-version":[{"id":4592,"href":"https:\/\/robusathletics.com\/et\/wp-json\/wp\/v2\/pages\/4591\/revisions\/4592"}],"wp:attachment":[{"href":"https:\/\/robusathletics.com\/et\/wp-json\/wp\/v2\/media?parent=4591"}],"curies":[{"name":"wp","href":"https:\/\/api.w.org\/{rel}","templated":true}]}}