{"id":4601,"date":"2022-11-16T13:16:58","date_gmt":"2022-11-16T13:16:58","guid":{"rendered":"https:\/\/robusathletics.com\/product\/gymbars-full-set\/"},"modified":"2025-07-28T19:58:38","modified_gmt":"2025-07-28T19:58:38","slug":"gymbars-komplekt","status":"publish","type":"product","link":"https:\/\/robusathletics.com\/et\/toode\/gymbars-komplekt\/","title":{"rendered":"GymBars komplekt"},"content":{"rendered":"<p><strong>Robus GymBars komplekt sisaldab: <\/strong><\/p>\n<ul>\n<li>1x GymBars (paar) \u2013 <em>valmistatud klaasfiiberpol\u00fcmeerist<\/em><\/li>\n<li>1x Ukseankur<\/li>\n<li>1x Nr. 1 treeningkumm 7 kg<\/li>\n<li>1x Nr. 2 treeningkumm 12 kg<\/li>\n<li>1x Nr. 3 treeningkumm 55 kg<\/li>\n<li>Kvaliteedigarantii<\/li>\n<li>Tasuta ligip\u00e4\u00e4s harjutustepangale<\/li>\n<li>Tasuta 60 p\u00e4eva ligip\u00e4\u00e4s videotreeningutele<\/li>\n<li>60 p\u00e4eva Raha Tagasi rahulolugarantii<\/li>\n<\/ul>\n<p>Kiire v\u00e4ljasaatmine 1-2 p\u00e4eva jooksul.<\/p>\n","protected":false},"excerpt":{"rendered":"<p>Valmistatud klaasfiiberpol\u00fcmeerist<\/p>\n<ul class=\"stars\">\n<li><strong>60 p\u00e4eva Raha Tagasi rahulolugarantii<\/strong><\/li>\n<li>\u00dclikerged<\/li>\n<li>Kuni 154 kg vasturaskust<\/li>\n<li>TASUTA harjutustepank<\/li>\n<li>Kvaliteedigarantii<\/li>\n<li><strong>Tasuta 60 p\u00e4eva ligip\u00e4\u00e4s videotreeningutele (v\u00e4\u00e4rtuses 36\u20ac)<\/strong><\/li>\n<\/ul>\n","protected":false},"featured_media":5932,"template":"","meta":{"_acf_changed":false},"product_brand":[],"product_cat":[38],"product_tag":[],"class_list":{"0":"post-4601","1":"product","2":"type-product","3":"status-publish","4":"has-post-thumbnail","6":"product_cat-robuse-tooted","8":"first","9":"outofstock","10":"sale","11":"taxable","12":"shipping-taxable","13":"purchasable","14":"product-type-simple"},"acf":[],"yoast_head":"<!-- This site is optimized with the Yoast SEO plugin v24.8.1 - https:\/\/yoast.com\/wordpress\/plugins\/seo\/ -->\n<title>GymBars komplekt &#8211; Robus Athletics<\/title>\n<meta name=\"description\" content=\"Robus GymBars klaasfiiberpol\u00fcmeerist k\u00e4sikutega arendad lihasmassi, plahvatuslikkust ja j\u00f5uvastupidavust sama t\u00f5husalt kui spordisaalis. Vaata l\u00e4hemalt..\" \/>\n<meta name=\"robots\" content=\"index, follow, max-snippet:-1, max-image-preview:large, max-video-preview:-1\" \/>\n<link rel=\"canonical\" href=\"https:\/\/robusathletics.com\/et\/toode\/gymbars-komplekt\/\" \/>\n<meta property=\"og:locale\" content=\"et_EE\" \/>\n<meta property=\"og:type\" content=\"article\" \/>\n<meta property=\"og:title\" content=\"GymBars komplekt &#8211; Robus Athletics\" \/>\n<meta property=\"og:description\" content=\"Robus GymBars klaasfiiberpol\u00fcmeerist k\u00e4sikutega arendad lihasmassi, plahvatuslikkust ja j\u00f5uvastupidavust sama t\u00f5husalt kui spordisaalis. Vaata l\u00e4hemalt..\" \/>\n<meta property=\"og:url\" content=\"https:\/\/robusathletics.com\/et\/toode\/gymbars-komplekt\/\" \/>\n<meta property=\"og:site_name\" content=\"Robus Athletics\" \/>\n<meta property=\"article:modified_time\" content=\"2025-07-28T19:58:38+00:00\" \/>\n<meta property=\"og:image\" content=\"https:\/\/robusathletics.com\/wp-content\/uploads\/2022\/11\/Poly-Full-Set_3-badge.png\" \/>\n\t<meta property=\"og:image:width\" content=\"1024\" \/>\n\t<meta property=\"og:image:height\" content=\"768\" \/>\n\t<meta property=\"og:image:type\" content=\"image\/png\" \/>\n<meta name=\"twitter:card\" content=\"summary_large_image\" \/>\n<meta name=\"twitter:label1\" content=\"Est. reading time\" \/>\n\t<meta name=\"twitter:data1\" content=\"1 minut\" \/>\n<script type=\"application\/ld+json\" class=\"yoast-schema-graph\">{\"@context\":\"https:\/\/schema.org\",\"@graph\":[{\"@type\":\"WebPage\",\"@id\":\"https:\/\/robusathletics.com\/et\/toode\/gymbars-komplekt\/\",\"url\":\"https:\/\/robusathletics.com\/et\/toode\/gymbars-komplekt\/\",\"name\":\"GymBars komplekt &#8211; Robus Athletics\",\"isPartOf\":{\"@id\":\"https:\/\/robusathletics.com\/et\/#website\"},\"primaryImageOfPage\":{\"@id\":\"https:\/\/robusathletics.com\/et\/toode\/gymbars-komplekt\/#primaryimage\"},\"image\":{\"@id\":\"https:\/\/robusathletics.com\/et\/toode\/gymbars-komplekt\/#primaryimage\"},\"thumbnailUrl\":\"https:\/\/robusathletics.com\/wp-content\/uploads\/2022\/11\/Poly-Full-Set_3-badge.png\",\"datePublished\":\"2022-11-16T13:16:58+00:00\",\"dateModified\":\"2025-07-28T19:58:38+00:00\",\"description\":\"Robus GymBars klaasfiiberpol\u00fcmeerist k\u00e4sikutega arendad lihasmassi, plahvatuslikkust ja j\u00f5uvastupidavust sama t\u00f5husalt kui spordisaalis. Vaata l\u00e4hemalt..\",\"breadcrumb\":{\"@id\":\"https:\/\/robusathletics.com\/et\/toode\/gymbars-komplekt\/#breadcrumb\"},\"inLanguage\":\"et\",\"potentialAction\":[{\"@type\":\"ReadAction\",\"target\":[\"https:\/\/robusathletics.com\/et\/toode\/gymbars-komplekt\/\"]}]},{\"@type\":\"ImageObject\",\"inLanguage\":\"et\",\"@id\":\"https:\/\/robusathletics.com\/et\/toode\/gymbars-komplekt\/#primaryimage\",\"url\":\"https:\/\/robusathletics.com\/wp-content\/uploads\/2022\/11\/Poly-Full-Set_3-badge.png\",\"contentUrl\":\"https:\/\/robusathletics.com\/wp-content\/uploads\/2022\/11\/Poly-Full-Set_3-badge.png\",\"width\":1024,\"height\":768},{\"@type\":\"BreadcrumbList\",\"@id\":\"https:\/\/robusathletics.com\/et\/toode\/gymbars-komplekt\/#breadcrumb\",\"itemListElement\":[{\"@type\":\"ListItem\",\"position\":1,\"name\":\"Home\",\"item\":\"https:\/\/robusathletics.com\/et\/\"},{\"@type\":\"ListItem\",\"position\":2,\"name\":\"Pood\",\"item\":\"https:\/\/robusathletics.com\/et\/pood\/\"},{\"@type\":\"ListItem\",\"position\":3,\"name\":\"GymBars komplekt\"}]},{\"@type\":\"WebSite\",\"@id\":\"https:\/\/robusathletics.com\/et\/#website\",\"url\":\"https:\/\/robusathletics.com\/et\/\",\"name\":\"Robus Athletics\",\"description\":\"\",\"potentialAction\":[{\"@type\":\"SearchAction\",\"target\":{\"@type\":\"EntryPoint\",\"urlTemplate\":\"https:\/\/robusathletics.com\/et\/?s={search_term_string}\"},\"query-input\":{\"@type\":\"PropertyValueSpecification\",\"valueRequired\":true,\"valueName\":\"search_term_string\"}}],\"inLanguage\":\"et\"}]}<\/script>\n<!-- \/ Yoast SEO plugin. -->","yoast_head_json":{"title":"GymBars komplekt &#8211; Robus Athletics","description":"Robus GymBars klaasfiiberpol\u00fcmeerist k\u00e4sikutega arendad lihasmassi, plahvatuslikkust ja j\u00f5uvastupidavust sama t\u00f5husalt kui spordisaalis. Vaata l\u00e4hemalt..","robots":{"index":"index","follow":"follow","max-snippet":"max-snippet:-1","max-image-preview":"max-image-preview:large","max-video-preview":"max-video-preview:-1"},"canonical":"https:\/\/robusathletics.com\/et\/toode\/gymbars-komplekt\/","og_locale":"et_EE","og_type":"article","og_title":"GymBars komplekt &#8211; Robus Athletics","og_description":"Robus GymBars klaasfiiberpol\u00fcmeerist k\u00e4sikutega arendad lihasmassi, plahvatuslikkust ja j\u00f5uvastupidavust sama t\u00f5husalt kui spordisaalis. Vaata l\u00e4hemalt..","og_url":"https:\/\/robusathletics.com\/et\/toode\/gymbars-komplekt\/","og_site_name":"Robus Athletics","article_modified_time":"2025-07-28T19:58:38+00:00","og_image":[{"width":1024,"height":768,"url":"https:\/\/robusathletics.com\/wp-content\/uploads\/2022\/11\/Poly-Full-Set_3-badge.png","type":"image\/png"}],"twitter_card":"summary_large_image","twitter_misc":{"Est. reading time":"1 minut"},"schema":{"@context":"https:\/\/schema.org","@graph":[{"@type":"WebPage","@id":"https:\/\/robusathletics.com\/et\/toode\/gymbars-komplekt\/","url":"https:\/\/robusathletics.com\/et\/toode\/gymbars-komplekt\/","name":"GymBars komplekt &#8211; Robus Athletics","isPartOf":{"@id":"https:\/\/robusathletics.com\/et\/#website"},"primaryImageOfPage":{"@id":"https:\/\/robusathletics.com\/et\/toode\/gymbars-komplekt\/#primaryimage"},"image":{"@id":"https:\/\/robusathletics.com\/et\/toode\/gymbars-komplekt\/#primaryimage"},"thumbnailUrl":"https:\/\/robusathletics.com\/wp-content\/uploads\/2022\/11\/Poly-Full-Set_3-badge.png","datePublished":"2022-11-16T13:16:58+00:00","dateModified":"2025-07-28T19:58:38+00:00","description":"Robus GymBars klaasfiiberpol\u00fcmeerist k\u00e4sikutega arendad lihasmassi, plahvatuslikkust ja j\u00f5uvastupidavust sama t\u00f5husalt kui spordisaalis. Vaata l\u00e4hemalt..","breadcrumb":{"@id":"https:\/\/robusathletics.com\/et\/toode\/gymbars-komplekt\/#breadcrumb"},"inLanguage":"et","potentialAction":[{"@type":"ReadAction","target":["https:\/\/robusathletics.com\/et\/toode\/gymbars-komplekt\/"]}]},{"@type":"ImageObject","inLanguage":"et","@id":"https:\/\/robusathletics.com\/et\/toode\/gymbars-komplekt\/#primaryimage","url":"https:\/\/robusathletics.com\/wp-content\/uploads\/2022\/11\/Poly-Full-Set_3-badge.png","contentUrl":"https:\/\/robusathletics.com\/wp-content\/uploads\/2022\/11\/Poly-Full-Set_3-badge.png","width":1024,"height":768},{"@type":"BreadcrumbList","@id":"https:\/\/robusathletics.com\/et\/toode\/gymbars-komplekt\/#breadcrumb","itemListElement":[{"@type":"ListItem","position":1,"name":"Home","item":"https:\/\/robusathletics.com\/et\/"},{"@type":"ListItem","position":2,"name":"Pood","item":"https:\/\/robusathletics.com\/et\/pood\/"},{"@type":"ListItem","position":3,"name":"GymBars komplekt"}]},{"@type":"WebSite","@id":"https:\/\/robusathletics.com\/et\/#website","url":"https:\/\/robusathletics.com\/et\/","name":"Robus Athletics","description":"","potentialAction":[{"@type":"SearchAction","target":{"@type":"EntryPoint","urlTemplate":"https:\/\/robusathletics.com\/et\/?s={search_term_string}"},"query-input":{"@type":"PropertyValueSpecification","valueRequired":true,"valueName":"search_term_string"}}],"inLanguage":"et"}]}},"_links":{"self":[{"href":"https:\/\/robusathletics.com\/et\/wp-json\/wp\/v2\/product\/4601","targetHints":{"allow":["GET"]}}],"collection":[{"href":"https:\/\/robusathletics.com\/et\/wp-json\/wp\/v2\/product"}],"about":[{"href":"https:\/\/robusathletics.com\/et\/wp-json\/wp\/v2\/types\/product"}],"wp:featuredmedia":[{"embeddable":true,"href":"https:\/\/robusathletics.com\/et\/wp-json\/wp\/v2\/media\/5932"}],"wp:attachment":[{"href":"https:\/\/robusathletics.com\/et\/wp-json\/wp\/v2\/media?parent=4601"}],"wp:term":[{"taxonomy":"product_brand","embeddable":true,"href":"https:\/\/robusathletics.com\/et\/wp-json\/wp\/v2\/product_brand?post=4601"},{"taxonomy":"product_cat","embeddable":true,"href":"https:\/\/robusathletics.com\/et\/wp-json\/wp\/v2\/product_cat?post=4601"},{"taxonomy":"product_tag","embeddable":true,"href":"https:\/\/robusathletics.com\/et\/wp-json\/wp\/v2\/product_tag?post=4601"}],"curies":[{"name":"wp","href":"https:\/\/api.w.org\/{rel}","templated":true}]}}