{"id":5798,"date":"2022-12-05T13:29:52","date_gmt":"2022-12-05T13:29:52","guid":{"rendered":"https:\/\/robusathletics.com\/product\/gymbars-polymer\/"},"modified":"2023-11-22T10:36:23","modified_gmt":"2023-11-22T10:36:23","slug":"gymbars-kasikud","status":"publish","type":"product","link":"https:\/\/robusathletics.com\/et\/toode\/gymbars-kasikud\/","title":{"rendered":"GymBars k\u00e4sikud"},"content":{"rendered":"<ul>\n<li>1x GymBars (paar) \u2013 <em>valmistatud klaasfiiberpol\u00fcmeerist<\/em><\/li>\n<li>Kvaliteedigarantii<\/li>\n<li>Tasuta ligip\u00e4\u00e4s harjutustepangale<\/li>\n<li><strong>60 p\u00e4eva Raha Tagasi rahulolugarantii<\/strong><\/li>\n<\/ul>\n<p>Kiire v\u00e4ljasaatmine 1-2 p\u00e4eva jooksul.<\/p>\n","protected":false},"excerpt":{"rendered":"<ul>\n<li>1x GymBars (paar) \u2013 <em>valmistatud klaasfiiberpol\u00fcmeerist<\/em><\/li>\n<li>Kvaliteedigarantii<\/li>\n<li>Tasuta ligip\u00e4\u00e4s harjutustepangale<\/li>\n<li><strong>60 p\u00e4eva Raha Tagasi rahulolugarantii<\/strong><\/li>\n<\/ul>\n","protected":false},"featured_media":5361,"template":"","meta":{"_acf_changed":false},"product_brand":[],"product_cat":[38],"product_tag":[],"class_list":{"0":"post-5798","1":"product","2":"type-product","3":"status-publish","4":"has-post-thumbnail","6":"product_cat-robuse-tooted","8":"first","9":"outofstock","10":"sale","11":"taxable","12":"shipping-taxable","13":"purchasable","14":"product-type-simple"},"acf":[],"yoast_head":"<!-- This site is optimized with the Yoast SEO plugin v24.8.1 - https:\/\/yoast.com\/wordpress\/plugins\/seo\/ -->\n<title>GymBars k\u00e4sikud &#8211; Robus Athletics<\/title>\n<meta name=\"description\" content=\"\u00dclikerged ja kompaktsed GymBars k\u00e4sikud, mis on valmistatud eriti tugevast klaasfiibriga tugevdatud pol\u00fcmeerist, suutes taluda 152 kg vasturaskust.\" \/>\n<meta name=\"robots\" content=\"index, follow, max-snippet:-1, max-image-preview:large, max-video-preview:-1\" \/>\n<link rel=\"canonical\" href=\"https:\/\/robusathletics.com\/et\/toode\/gymbars-kasikud\/\" \/>\n<meta property=\"og:locale\" content=\"et_EE\" \/>\n<meta property=\"og:type\" content=\"article\" \/>\n<meta property=\"og:title\" content=\"GymBars k\u00e4sikud &#8211; Robus Athletics\" \/>\n<meta property=\"og:description\" content=\"\u00dclikerged ja kompaktsed GymBars k\u00e4sikud, mis on valmistatud eriti tugevast klaasfiibriga tugevdatud pol\u00fcmeerist, suutes taluda 152 kg vasturaskust.\" \/>\n<meta property=\"og:url\" content=\"https:\/\/robusathletics.com\/et\/toode\/gymbars-kasikud\/\" \/>\n<meta property=\"og:site_name\" content=\"Robus Athletics\" \/>\n<meta property=\"article:modified_time\" content=\"2023-11-22T10:36:23+00:00\" \/>\n<meta property=\"og:image\" content=\"https:\/\/robusathletics.com\/wp-content\/uploads\/2022\/12\/GymBars_only_Flatlay.png\" \/>\n\t<meta property=\"og:image:width\" content=\"1024\" \/>\n\t<meta property=\"og:image:height\" content=\"768\" \/>\n\t<meta property=\"og:image:type\" content=\"image\/png\" \/>\n<meta name=\"twitter:card\" content=\"summary_large_image\" \/>\n<meta name=\"twitter:label1\" content=\"Est. reading time\" \/>\n\t<meta name=\"twitter:data1\" content=\"1 minut\" \/>\n<script type=\"application\/ld+json\" class=\"yoast-schema-graph\">{\"@context\":\"https:\/\/schema.org\",\"@graph\":[{\"@type\":\"WebPage\",\"@id\":\"https:\/\/robusathletics.com\/et\/toode\/gymbars-kasikud\/\",\"url\":\"https:\/\/robusathletics.com\/et\/toode\/gymbars-kasikud\/\",\"name\":\"GymBars k\u00e4sikud &#8211; Robus Athletics\",\"isPartOf\":{\"@id\":\"https:\/\/robusathletics.com\/et\/#website\"},\"primaryImageOfPage\":{\"@id\":\"https:\/\/robusathletics.com\/et\/toode\/gymbars-kasikud\/#primaryimage\"},\"image\":{\"@id\":\"https:\/\/robusathletics.com\/et\/toode\/gymbars-kasikud\/#primaryimage\"},\"thumbnailUrl\":\"https:\/\/robusathletics.com\/wp-content\/uploads\/2022\/12\/GymBars_only_Flatlay.png\",\"datePublished\":\"2022-12-05T13:29:52+00:00\",\"dateModified\":\"2023-11-22T10:36:23+00:00\",\"description\":\"\u00dclikerged ja kompaktsed GymBars k\u00e4sikud, mis on valmistatud eriti tugevast klaasfiibriga tugevdatud pol\u00fcmeerist, suutes taluda 152 kg vasturaskust.\",\"breadcrumb\":{\"@id\":\"https:\/\/robusathletics.com\/et\/toode\/gymbars-kasikud\/#breadcrumb\"},\"inLanguage\":\"et\",\"potentialAction\":[{\"@type\":\"ReadAction\",\"target\":[\"https:\/\/robusathletics.com\/et\/toode\/gymbars-kasikud\/\"]}]},{\"@type\":\"ImageObject\",\"inLanguage\":\"et\",\"@id\":\"https:\/\/robusathletics.com\/et\/toode\/gymbars-kasikud\/#primaryimage\",\"url\":\"https:\/\/robusathletics.com\/wp-content\/uploads\/2022\/12\/GymBars_only_Flatlay.png\",\"contentUrl\":\"https:\/\/robusathletics.com\/wp-content\/uploads\/2022\/12\/GymBars_only_Flatlay.png\",\"width\":1024,\"height\":768},{\"@type\":\"BreadcrumbList\",\"@id\":\"https:\/\/robusathletics.com\/et\/toode\/gymbars-kasikud\/#breadcrumb\",\"itemListElement\":[{\"@type\":\"ListItem\",\"position\":1,\"name\":\"Home\",\"item\":\"https:\/\/robusathletics.com\/et\/\"},{\"@type\":\"ListItem\",\"position\":2,\"name\":\"Pood\",\"item\":\"https:\/\/robusathletics.com\/et\/pood\/\"},{\"@type\":\"ListItem\",\"position\":3,\"name\":\"GymBars k\u00e4sikud\"}]},{\"@type\":\"WebSite\",\"@id\":\"https:\/\/robusathletics.com\/et\/#website\",\"url\":\"https:\/\/robusathletics.com\/et\/\",\"name\":\"Robus Athletics\",\"description\":\"\",\"potentialAction\":[{\"@type\":\"SearchAction\",\"target\":{\"@type\":\"EntryPoint\",\"urlTemplate\":\"https:\/\/robusathletics.com\/et\/?s={search_term_string}\"},\"query-input\":{\"@type\":\"PropertyValueSpecification\",\"valueRequired\":true,\"valueName\":\"search_term_string\"}}],\"inLanguage\":\"et\"}]}<\/script>\n<!-- \/ Yoast SEO plugin. -->","yoast_head_json":{"title":"GymBars k\u00e4sikud &#8211; Robus Athletics","description":"\u00dclikerged ja kompaktsed GymBars k\u00e4sikud, mis on valmistatud eriti tugevast klaasfiibriga tugevdatud pol\u00fcmeerist, suutes taluda 152 kg vasturaskust.","robots":{"index":"index","follow":"follow","max-snippet":"max-snippet:-1","max-image-preview":"max-image-preview:large","max-video-preview":"max-video-preview:-1"},"canonical":"https:\/\/robusathletics.com\/et\/toode\/gymbars-kasikud\/","og_locale":"et_EE","og_type":"article","og_title":"GymBars k\u00e4sikud &#8211; Robus Athletics","og_description":"\u00dclikerged ja kompaktsed GymBars k\u00e4sikud, mis on valmistatud eriti tugevast klaasfiibriga tugevdatud pol\u00fcmeerist, suutes taluda 152 kg vasturaskust.","og_url":"https:\/\/robusathletics.com\/et\/toode\/gymbars-kasikud\/","og_site_name":"Robus Athletics","article_modified_time":"2023-11-22T10:36:23+00:00","og_image":[{"width":1024,"height":768,"url":"https:\/\/robusathletics.com\/wp-content\/uploads\/2022\/12\/GymBars_only_Flatlay.png","type":"image\/png"}],"twitter_card":"summary_large_image","twitter_misc":{"Est. reading time":"1 minut"},"schema":{"@context":"https:\/\/schema.org","@graph":[{"@type":"WebPage","@id":"https:\/\/robusathletics.com\/et\/toode\/gymbars-kasikud\/","url":"https:\/\/robusathletics.com\/et\/toode\/gymbars-kasikud\/","name":"GymBars k\u00e4sikud &#8211; Robus Athletics","isPartOf":{"@id":"https:\/\/robusathletics.com\/et\/#website"},"primaryImageOfPage":{"@id":"https:\/\/robusathletics.com\/et\/toode\/gymbars-kasikud\/#primaryimage"},"image":{"@id":"https:\/\/robusathletics.com\/et\/toode\/gymbars-kasikud\/#primaryimage"},"thumbnailUrl":"https:\/\/robusathletics.com\/wp-content\/uploads\/2022\/12\/GymBars_only_Flatlay.png","datePublished":"2022-12-05T13:29:52+00:00","dateModified":"2023-11-22T10:36:23+00:00","description":"\u00dclikerged ja kompaktsed GymBars k\u00e4sikud, mis on valmistatud eriti tugevast klaasfiibriga tugevdatud pol\u00fcmeerist, suutes taluda 152 kg vasturaskust.","breadcrumb":{"@id":"https:\/\/robusathletics.com\/et\/toode\/gymbars-kasikud\/#breadcrumb"},"inLanguage":"et","potentialAction":[{"@type":"ReadAction","target":["https:\/\/robusathletics.com\/et\/toode\/gymbars-kasikud\/"]}]},{"@type":"ImageObject","inLanguage":"et","@id":"https:\/\/robusathletics.com\/et\/toode\/gymbars-kasikud\/#primaryimage","url":"https:\/\/robusathletics.com\/wp-content\/uploads\/2022\/12\/GymBars_only_Flatlay.png","contentUrl":"https:\/\/robusathletics.com\/wp-content\/uploads\/2022\/12\/GymBars_only_Flatlay.png","width":1024,"height":768},{"@type":"BreadcrumbList","@id":"https:\/\/robusathletics.com\/et\/toode\/gymbars-kasikud\/#breadcrumb","itemListElement":[{"@type":"ListItem","position":1,"name":"Home","item":"https:\/\/robusathletics.com\/et\/"},{"@type":"ListItem","position":2,"name":"Pood","item":"https:\/\/robusathletics.com\/et\/pood\/"},{"@type":"ListItem","position":3,"name":"GymBars k\u00e4sikud"}]},{"@type":"WebSite","@id":"https:\/\/robusathletics.com\/et\/#website","url":"https:\/\/robusathletics.com\/et\/","name":"Robus Athletics","description":"","potentialAction":[{"@type":"SearchAction","target":{"@type":"EntryPoint","urlTemplate":"https:\/\/robusathletics.com\/et\/?s={search_term_string}"},"query-input":{"@type":"PropertyValueSpecification","valueRequired":true,"valueName":"search_term_string"}}],"inLanguage":"et"}]}},"_links":{"self":[{"href":"https:\/\/robusathletics.com\/et\/wp-json\/wp\/v2\/product\/5798","targetHints":{"allow":["GET"]}}],"collection":[{"href":"https:\/\/robusathletics.com\/et\/wp-json\/wp\/v2\/product"}],"about":[{"href":"https:\/\/robusathletics.com\/et\/wp-json\/wp\/v2\/types\/product"}],"wp:featuredmedia":[{"embeddable":true,"href":"https:\/\/robusathletics.com\/et\/wp-json\/wp\/v2\/media\/5361"}],"wp:attachment":[{"href":"https:\/\/robusathletics.com\/et\/wp-json\/wp\/v2\/media?parent=5798"}],"wp:term":[{"taxonomy":"product_brand","embeddable":true,"href":"https:\/\/robusathletics.com\/et\/wp-json\/wp\/v2\/product_brand?post=5798"},{"taxonomy":"product_cat","embeddable":true,"href":"https:\/\/robusathletics.com\/et\/wp-json\/wp\/v2\/product_cat?post=5798"},{"taxonomy":"product_tag","embeddable":true,"href":"https:\/\/robusathletics.com\/et\/wp-json\/wp\/v2\/product_tag?post=5798"}],"curies":[{"name":"wp","href":"https:\/\/api.w.org\/{rel}","templated":true}]}}