{"id":5801,"date":"2022-11-16T13:53:17","date_gmt":"2022-11-16T13:53:17","guid":{"rendered":"https:\/\/robusathletics.com\/product\/carry-bag-jetpack\/"},"modified":"2025-10-22T18:28:57","modified_gmt":"2025-10-22T18:28:57","slug":"jetpack-kandekott","status":"publish","type":"product","link":"https:\/\/robusathletics.com\/et\/toode\/jetpack-kandekott\/","title":{"rendered":"Jetpack kandekott"},"content":{"rendered":"<p><strong>Robus Jetpack &#8211; v\u00f5ta oma j\u00f5usaal k\u00f5ikjale kaasa <\/strong><\/p>\n<p>Robus Jetpack kandekott hoiab sinu Full Seti kompaktse ja organiseerituna. Valmistatud vastupidavast nailonist, mahutab ta kogu treeninglintide komplekti ning t\u00e4nu  spetsiaalsetele hoidikutele on nii GymBarsid kui ukseankur alati kindlalt oma kohtadel.<\/p>\n<p>Jetpacki toodab meie partner, kes valmistab taktikalist varustust Rootsi, Soome ja Eesti kaitsej\u00f5ududele.<\/p>\n<p>(Pildil olevad GymBarid ei tule kaasa)<\/p>\n<p>&nbsp;<\/p>\n","protected":false},"excerpt":{"rendered":"<p><strong>V\u00f5ta oma j\u00f5usaal k\u00f5ikjale kaasa.<\/strong><\/p>\n<ul>\n<li>Hoiab sinu Robuse komplekti organiseerituna<\/li>\n<li>Kr\u00f5psudega kinnitused hoiavad k\u00e4sikuid fikseerituna, samas saad neid kiiresti k\u00e4tte v\u00f5tta<\/li>\n<li>Treeninglindid on organiseeritud ja \u00fches kohas<\/li>\n<li>Ukseankurul on oma kinnitus koti sisemuses<\/li>\n<li>Valmistatud v\u00e4ga vastupidavast nailonist<\/li>\n<\/ul>\n<p>NB! Pildil olevad GymBarid ei tule kaasa<br \/>\n<strong><br \/>\nKiire v\u00e4ljasaatmine 1-2 p\u00e4eva jooksul<br \/>\n<\/strong><\/p>\n","protected":false},"featured_media":4507,"template":"","meta":{"_acf_changed":false},"product_brand":[],"product_cat":[38],"product_tag":[],"class_list":{"0":"post-5801","1":"product","2":"type-product","3":"status-publish","4":"has-post-thumbnail","6":"product_cat-robuse-tooted","8":"first","9":"outofstock","10":"sale","11":"taxable","12":"shipping-taxable","13":"purchasable","14":"product-type-simple"},"acf":[],"yoast_head":"<!-- This site is optimized with the Yoast SEO plugin v24.8.1 - https:\/\/yoast.com\/wordpress\/plugins\/seo\/ -->\n<title>Jetpack kandekott &#8211; Robus Athletics<\/title>\n<meta name=\"description\" content=\"Robus Jetpack kandekott hoiab sinu Robuse komplekti kompaktse ja organiseerituna. Valmistatud vastupidavast nailonist, mahutades treeninglindid ja ukseankru\" \/>\n<meta name=\"robots\" content=\"index, follow, max-snippet:-1, max-image-preview:large, max-video-preview:-1\" \/>\n<link rel=\"canonical\" href=\"https:\/\/robusathletics.com\/et\/toode\/jetpack-kandekott\/\" \/>\n<meta property=\"og:locale\" content=\"et_EE\" \/>\n<meta property=\"og:type\" content=\"article\" \/>\n<meta property=\"og:title\" content=\"Jetpack kandekott &#8211; Robus Athletics\" \/>\n<meta property=\"og:description\" content=\"Robus Jetpack kandekott hoiab sinu Robuse komplekti kompaktse ja organiseerituna. Valmistatud vastupidavast nailonist, mahutades treeninglindid ja ukseankru\" \/>\n<meta property=\"og:url\" content=\"https:\/\/robusathletics.com\/et\/toode\/jetpack-kandekott\/\" \/>\n<meta property=\"og:site_name\" content=\"Robus Athletics\" \/>\n<meta property=\"article:modified_time\" content=\"2025-10-22T18:28:57+00:00\" \/>\n<meta property=\"og:image\" content=\"https:\/\/robusathletics.com\/wp-content\/uploads\/2022\/11\/jetpack_1000-2.png\" \/>\n\t<meta property=\"og:image:width\" content=\"1000\" \/>\n\t<meta property=\"og:image:height\" content=\"1000\" \/>\n\t<meta property=\"og:image:type\" content=\"image\/png\" \/>\n<meta name=\"twitter:card\" content=\"summary_large_image\" \/>\n<meta name=\"twitter:label1\" content=\"Est. reading time\" \/>\n\t<meta name=\"twitter:data1\" content=\"1 minut\" \/>\n<script type=\"application\/ld+json\" class=\"yoast-schema-graph\">{\"@context\":\"https:\/\/schema.org\",\"@graph\":[{\"@type\":\"WebPage\",\"@id\":\"https:\/\/robusathletics.com\/et\/toode\/jetpack-kandekott\/\",\"url\":\"https:\/\/robusathletics.com\/et\/toode\/jetpack-kandekott\/\",\"name\":\"Jetpack kandekott &#8211; Robus Athletics\",\"isPartOf\":{\"@id\":\"https:\/\/robusathletics.com\/et\/#website\"},\"primaryImageOfPage\":{\"@id\":\"https:\/\/robusathletics.com\/et\/toode\/jetpack-kandekott\/#primaryimage\"},\"image\":{\"@id\":\"https:\/\/robusathletics.com\/et\/toode\/jetpack-kandekott\/#primaryimage\"},\"thumbnailUrl\":\"https:\/\/robusathletics.com\/wp-content\/uploads\/2022\/11\/jetpack_1000-2.png\",\"datePublished\":\"2022-11-16T13:53:17+00:00\",\"dateModified\":\"2025-10-22T18:28:57+00:00\",\"description\":\"Robus Jetpack kandekott hoiab sinu Robuse komplekti kompaktse ja organiseerituna. Valmistatud vastupidavast nailonist, mahutades treeninglindid ja ukseankru\",\"breadcrumb\":{\"@id\":\"https:\/\/robusathletics.com\/et\/toode\/jetpack-kandekott\/#breadcrumb\"},\"inLanguage\":\"et\",\"potentialAction\":[{\"@type\":\"ReadAction\",\"target\":[\"https:\/\/robusathletics.com\/et\/toode\/jetpack-kandekott\/\"]}]},{\"@type\":\"ImageObject\",\"inLanguage\":\"et\",\"@id\":\"https:\/\/robusathletics.com\/et\/toode\/jetpack-kandekott\/#primaryimage\",\"url\":\"https:\/\/robusathletics.com\/wp-content\/uploads\/2022\/11\/jetpack_1000-2.png\",\"contentUrl\":\"https:\/\/robusathletics.com\/wp-content\/uploads\/2022\/11\/jetpack_1000-2.png\",\"width\":1000,\"height\":1000},{\"@type\":\"BreadcrumbList\",\"@id\":\"https:\/\/robusathletics.com\/et\/toode\/jetpack-kandekott\/#breadcrumb\",\"itemListElement\":[{\"@type\":\"ListItem\",\"position\":1,\"name\":\"Home\",\"item\":\"https:\/\/robusathletics.com\/et\/\"},{\"@type\":\"ListItem\",\"position\":2,\"name\":\"Pood\",\"item\":\"https:\/\/robusathletics.com\/et\/pood\/\"},{\"@type\":\"ListItem\",\"position\":3,\"name\":\"Jetpack kandekott\"}]},{\"@type\":\"WebSite\",\"@id\":\"https:\/\/robusathletics.com\/et\/#website\",\"url\":\"https:\/\/robusathletics.com\/et\/\",\"name\":\"Robus Athletics\",\"description\":\"\",\"potentialAction\":[{\"@type\":\"SearchAction\",\"target\":{\"@type\":\"EntryPoint\",\"urlTemplate\":\"https:\/\/robusathletics.com\/et\/?s={search_term_string}\"},\"query-input\":{\"@type\":\"PropertyValueSpecification\",\"valueRequired\":true,\"valueName\":\"search_term_string\"}}],\"inLanguage\":\"et\"}]}<\/script>\n<!-- \/ Yoast SEO plugin. -->","yoast_head_json":{"title":"Jetpack kandekott &#8211; Robus Athletics","description":"Robus Jetpack kandekott hoiab sinu Robuse komplekti kompaktse ja organiseerituna. Valmistatud vastupidavast nailonist, mahutades treeninglindid ja ukseankru","robots":{"index":"index","follow":"follow","max-snippet":"max-snippet:-1","max-image-preview":"max-image-preview:large","max-video-preview":"max-video-preview:-1"},"canonical":"https:\/\/robusathletics.com\/et\/toode\/jetpack-kandekott\/","og_locale":"et_EE","og_type":"article","og_title":"Jetpack kandekott &#8211; Robus Athletics","og_description":"Robus Jetpack kandekott hoiab sinu Robuse komplekti kompaktse ja organiseerituna. Valmistatud vastupidavast nailonist, mahutades treeninglindid ja ukseankru","og_url":"https:\/\/robusathletics.com\/et\/toode\/jetpack-kandekott\/","og_site_name":"Robus Athletics","article_modified_time":"2025-10-22T18:28:57+00:00","og_image":[{"width":1000,"height":1000,"url":"https:\/\/robusathletics.com\/wp-content\/uploads\/2022\/11\/jetpack_1000-2.png","type":"image\/png"}],"twitter_card":"summary_large_image","twitter_misc":{"Est. reading time":"1 minut"},"schema":{"@context":"https:\/\/schema.org","@graph":[{"@type":"WebPage","@id":"https:\/\/robusathletics.com\/et\/toode\/jetpack-kandekott\/","url":"https:\/\/robusathletics.com\/et\/toode\/jetpack-kandekott\/","name":"Jetpack kandekott &#8211; Robus Athletics","isPartOf":{"@id":"https:\/\/robusathletics.com\/et\/#website"},"primaryImageOfPage":{"@id":"https:\/\/robusathletics.com\/et\/toode\/jetpack-kandekott\/#primaryimage"},"image":{"@id":"https:\/\/robusathletics.com\/et\/toode\/jetpack-kandekott\/#primaryimage"},"thumbnailUrl":"https:\/\/robusathletics.com\/wp-content\/uploads\/2022\/11\/jetpack_1000-2.png","datePublished":"2022-11-16T13:53:17+00:00","dateModified":"2025-10-22T18:28:57+00:00","description":"Robus Jetpack kandekott hoiab sinu Robuse komplekti kompaktse ja organiseerituna. Valmistatud vastupidavast nailonist, mahutades treeninglindid ja ukseankru","breadcrumb":{"@id":"https:\/\/robusathletics.com\/et\/toode\/jetpack-kandekott\/#breadcrumb"},"inLanguage":"et","potentialAction":[{"@type":"ReadAction","target":["https:\/\/robusathletics.com\/et\/toode\/jetpack-kandekott\/"]}]},{"@type":"ImageObject","inLanguage":"et","@id":"https:\/\/robusathletics.com\/et\/toode\/jetpack-kandekott\/#primaryimage","url":"https:\/\/robusathletics.com\/wp-content\/uploads\/2022\/11\/jetpack_1000-2.png","contentUrl":"https:\/\/robusathletics.com\/wp-content\/uploads\/2022\/11\/jetpack_1000-2.png","width":1000,"height":1000},{"@type":"BreadcrumbList","@id":"https:\/\/robusathletics.com\/et\/toode\/jetpack-kandekott\/#breadcrumb","itemListElement":[{"@type":"ListItem","position":1,"name":"Home","item":"https:\/\/robusathletics.com\/et\/"},{"@type":"ListItem","position":2,"name":"Pood","item":"https:\/\/robusathletics.com\/et\/pood\/"},{"@type":"ListItem","position":3,"name":"Jetpack kandekott"}]},{"@type":"WebSite","@id":"https:\/\/robusathletics.com\/et\/#website","url":"https:\/\/robusathletics.com\/et\/","name":"Robus Athletics","description":"","potentialAction":[{"@type":"SearchAction","target":{"@type":"EntryPoint","urlTemplate":"https:\/\/robusathletics.com\/et\/?s={search_term_string}"},"query-input":{"@type":"PropertyValueSpecification","valueRequired":true,"valueName":"search_term_string"}}],"inLanguage":"et"}]}},"_links":{"self":[{"href":"https:\/\/robusathletics.com\/et\/wp-json\/wp\/v2\/product\/5801","targetHints":{"allow":["GET"]}}],"collection":[{"href":"https:\/\/robusathletics.com\/et\/wp-json\/wp\/v2\/product"}],"about":[{"href":"https:\/\/robusathletics.com\/et\/wp-json\/wp\/v2\/types\/product"}],"wp:featuredmedia":[{"embeddable":true,"href":"https:\/\/robusathletics.com\/et\/wp-json\/wp\/v2\/media\/4507"}],"wp:attachment":[{"href":"https:\/\/robusathletics.com\/et\/wp-json\/wp\/v2\/media?parent=5801"}],"wp:term":[{"taxonomy":"product_brand","embeddable":true,"href":"https:\/\/robusathletics.com\/et\/wp-json\/wp\/v2\/product_brand?post=5801"},{"taxonomy":"product_cat","embeddable":true,"href":"https:\/\/robusathletics.com\/et\/wp-json\/wp\/v2\/product_cat?post=5801"},{"taxonomy":"product_tag","embeddable":true,"href":"https:\/\/robusathletics.com\/et\/wp-json\/wp\/v2\/product_tag?post=5801"}],"curies":[{"name":"wp","href":"https:\/\/api.w.org\/{rel}","templated":true}]}}