{"id":5809,"date":"2022-12-05T13:27:58","date_gmt":"2022-12-05T13:27:58","guid":{"rendered":"https:\/\/robusathletics.com\/product\/band-no-4\/"},"modified":"2023-11-30T14:26:42","modified_gmt":"2023-11-30T14:26:42","slug":"treeningkumm-nr-4","status":"publish","type":"product","link":"https:\/\/robusathletics.com\/et\/toode\/treeningkumm-nr-4\/","title":{"rendered":"Treeningkumm nr. 4 (55-80 kg)"},"content":{"rendered":"<p>Treeningkumm nr. 4 on raskeim Robuse treeningkumm, mis pakub 55-80 kg vasturaskust. See &#8216;paha poiss&#8217; on m\u00f5eldud eriti v\u00e4ljakutsuvate harjutuste jaoks, nagu k\u00fckk ja j\u00f5ut\u00f5mme.<\/p>\n<ul>\n<li>1x Nr. 4 treeningkumm 80 kg<\/li>\n<\/ul>\n","protected":false},"excerpt":{"rendered":"<p>Treeningkumm nr. 4 on raskeim Robuse treeningkumm, mis pakub 55-80 kg vasturaskust.<\/p>\n<p>See on m\u00f5eldud asendama sinu Robuse komplektis olevat samasugust treeningkummi.<\/p>\n<ul>\n<li>1x Nr. 4 treeningkumm 80 kg<\/li>\n<\/ul>\n","protected":false},"featured_media":4472,"template":"","meta":{"_acf_changed":false},"product_brand":[],"product_cat":[38],"product_tag":[],"class_list":{"0":"post-5809","1":"product","2":"type-product","3":"status-publish","4":"has-post-thumbnail","6":"product_cat-robuse-tooted","8":"first","9":"outofstock","10":"sale","11":"sold-individually","12":"taxable","13":"shipping-taxable","14":"purchasable","15":"product-type-simple"},"acf":[],"yoast_head":"<!-- This site is optimized with the Yoast SEO plugin v24.8.1 - https:\/\/yoast.com\/wordpress\/plugins\/seo\/ -->\n<title>Treeningkumm nr. 4 (55-80 kg) &#8211; Robus Athletics<\/title>\n<meta name=\"description\" content=\"Treeningkumm nr. 4 on raskeim Robuse treeningkumm, mis pakub 55-80 kg vasturaskust. Lisaks on Robuse valikus ka kolm kergemat treeningkummi nr 3, 2 ja 1.\" \/>\n<meta name=\"robots\" content=\"index, follow, max-snippet:-1, max-image-preview:large, max-video-preview:-1\" \/>\n<link rel=\"canonical\" href=\"https:\/\/robusathletics.com\/et\/toode\/treeningkumm-nr-4\/\" \/>\n<meta property=\"og:locale\" content=\"et_EE\" \/>\n<meta property=\"og:type\" content=\"article\" \/>\n<meta property=\"og:title\" content=\"Treeningkumm nr. 4 (55-80 kg) &#8211; Robus Athletics\" \/>\n<meta property=\"og:description\" content=\"Treeningkumm nr. 4 on raskeim Robuse treeningkumm, mis pakub 55-80 kg vasturaskust. Lisaks on Robuse valikus ka kolm kergemat treeningkummi nr 3, 2 ja 1.\" \/>\n<meta property=\"og:url\" content=\"https:\/\/robusathletics.com\/et\/toode\/treeningkumm-nr-4\/\" \/>\n<meta property=\"og:site_name\" content=\"Robus Athletics\" \/>\n<meta property=\"article:modified_time\" content=\"2023-11-30T14:26:42+00:00\" \/>\n<meta property=\"og:image\" content=\"https:\/\/robusathletics.com\/wp-content\/uploads\/2022\/12\/No4_Flatlay-2.png\" \/>\n\t<meta property=\"og:image:width\" content=\"1024\" \/>\n\t<meta property=\"og:image:height\" content=\"768\" \/>\n\t<meta property=\"og:image:type\" content=\"image\/png\" \/>\n<meta name=\"twitter:card\" content=\"summary_large_image\" \/>\n<meta name=\"twitter:label1\" content=\"Est. reading time\" \/>\n\t<meta name=\"twitter:data1\" content=\"1 minut\" \/>\n<script type=\"application\/ld+json\" class=\"yoast-schema-graph\">{\"@context\":\"https:\/\/schema.org\",\"@graph\":[{\"@type\":\"WebPage\",\"@id\":\"https:\/\/robusathletics.com\/et\/toode\/treeningkumm-nr-4\/\",\"url\":\"https:\/\/robusathletics.com\/et\/toode\/treeningkumm-nr-4\/\",\"name\":\"Treeningkumm nr. 4 (55-80 kg) &#8211; Robus Athletics\",\"isPartOf\":{\"@id\":\"https:\/\/robusathletics.com\/et\/#website\"},\"primaryImageOfPage\":{\"@id\":\"https:\/\/robusathletics.com\/et\/toode\/treeningkumm-nr-4\/#primaryimage\"},\"image\":{\"@id\":\"https:\/\/robusathletics.com\/et\/toode\/treeningkumm-nr-4\/#primaryimage\"},\"thumbnailUrl\":\"https:\/\/robusathletics.com\/wp-content\/uploads\/2022\/12\/No4_Flatlay-2.png\",\"datePublished\":\"2022-12-05T13:27:58+00:00\",\"dateModified\":\"2023-11-30T14:26:42+00:00\",\"description\":\"Treeningkumm nr. 4 on raskeim Robuse treeningkumm, mis pakub 55-80 kg vasturaskust. Lisaks on Robuse valikus ka kolm kergemat treeningkummi nr 3, 2 ja 1.\",\"breadcrumb\":{\"@id\":\"https:\/\/robusathletics.com\/et\/toode\/treeningkumm-nr-4\/#breadcrumb\"},\"inLanguage\":\"et\",\"potentialAction\":[{\"@type\":\"ReadAction\",\"target\":[\"https:\/\/robusathletics.com\/et\/toode\/treeningkumm-nr-4\/\"]}]},{\"@type\":\"ImageObject\",\"inLanguage\":\"et\",\"@id\":\"https:\/\/robusathletics.com\/et\/toode\/treeningkumm-nr-4\/#primaryimage\",\"url\":\"https:\/\/robusathletics.com\/wp-content\/uploads\/2022\/12\/No4_Flatlay-2.png\",\"contentUrl\":\"https:\/\/robusathletics.com\/wp-content\/uploads\/2022\/12\/No4_Flatlay-2.png\",\"width\":1024,\"height\":768},{\"@type\":\"BreadcrumbList\",\"@id\":\"https:\/\/robusathletics.com\/et\/toode\/treeningkumm-nr-4\/#breadcrumb\",\"itemListElement\":[{\"@type\":\"ListItem\",\"position\":1,\"name\":\"Home\",\"item\":\"https:\/\/robusathletics.com\/et\/\"},{\"@type\":\"ListItem\",\"position\":2,\"name\":\"Pood\",\"item\":\"https:\/\/robusathletics.com\/et\/pood\/\"},{\"@type\":\"ListItem\",\"position\":3,\"name\":\"Treeningkumm nr. 4 (55-80 kg)\"}]},{\"@type\":\"WebSite\",\"@id\":\"https:\/\/robusathletics.com\/et\/#website\",\"url\":\"https:\/\/robusathletics.com\/et\/\",\"name\":\"Robus Athletics\",\"description\":\"\",\"potentialAction\":[{\"@type\":\"SearchAction\",\"target\":{\"@type\":\"EntryPoint\",\"urlTemplate\":\"https:\/\/robusathletics.com\/et\/?s={search_term_string}\"},\"query-input\":{\"@type\":\"PropertyValueSpecification\",\"valueRequired\":true,\"valueName\":\"search_term_string\"}}],\"inLanguage\":\"et\"}]}<\/script>\n<!-- \/ Yoast SEO plugin. -->","yoast_head_json":{"title":"Treeningkumm nr. 4 (55-80 kg) &#8211; Robus Athletics","description":"Treeningkumm nr. 4 on raskeim Robuse treeningkumm, mis pakub 55-80 kg vasturaskust. Lisaks on Robuse valikus ka kolm kergemat treeningkummi nr 3, 2 ja 1.","robots":{"index":"index","follow":"follow","max-snippet":"max-snippet:-1","max-image-preview":"max-image-preview:large","max-video-preview":"max-video-preview:-1"},"canonical":"https:\/\/robusathletics.com\/et\/toode\/treeningkumm-nr-4\/","og_locale":"et_EE","og_type":"article","og_title":"Treeningkumm nr. 4 (55-80 kg) &#8211; Robus Athletics","og_description":"Treeningkumm nr. 4 on raskeim Robuse treeningkumm, mis pakub 55-80 kg vasturaskust. Lisaks on Robuse valikus ka kolm kergemat treeningkummi nr 3, 2 ja 1.","og_url":"https:\/\/robusathletics.com\/et\/toode\/treeningkumm-nr-4\/","og_site_name":"Robus Athletics","article_modified_time":"2023-11-30T14:26:42+00:00","og_image":[{"width":1024,"height":768,"url":"https:\/\/robusathletics.com\/wp-content\/uploads\/2022\/12\/No4_Flatlay-2.png","type":"image\/png"}],"twitter_card":"summary_large_image","twitter_misc":{"Est. reading time":"1 minut"},"schema":{"@context":"https:\/\/schema.org","@graph":[{"@type":"WebPage","@id":"https:\/\/robusathletics.com\/et\/toode\/treeningkumm-nr-4\/","url":"https:\/\/robusathletics.com\/et\/toode\/treeningkumm-nr-4\/","name":"Treeningkumm nr. 4 (55-80 kg) &#8211; Robus Athletics","isPartOf":{"@id":"https:\/\/robusathletics.com\/et\/#website"},"primaryImageOfPage":{"@id":"https:\/\/robusathletics.com\/et\/toode\/treeningkumm-nr-4\/#primaryimage"},"image":{"@id":"https:\/\/robusathletics.com\/et\/toode\/treeningkumm-nr-4\/#primaryimage"},"thumbnailUrl":"https:\/\/robusathletics.com\/wp-content\/uploads\/2022\/12\/No4_Flatlay-2.png","datePublished":"2022-12-05T13:27:58+00:00","dateModified":"2023-11-30T14:26:42+00:00","description":"Treeningkumm nr. 4 on raskeim Robuse treeningkumm, mis pakub 55-80 kg vasturaskust. Lisaks on Robuse valikus ka kolm kergemat treeningkummi nr 3, 2 ja 1.","breadcrumb":{"@id":"https:\/\/robusathletics.com\/et\/toode\/treeningkumm-nr-4\/#breadcrumb"},"inLanguage":"et","potentialAction":[{"@type":"ReadAction","target":["https:\/\/robusathletics.com\/et\/toode\/treeningkumm-nr-4\/"]}]},{"@type":"ImageObject","inLanguage":"et","@id":"https:\/\/robusathletics.com\/et\/toode\/treeningkumm-nr-4\/#primaryimage","url":"https:\/\/robusathletics.com\/wp-content\/uploads\/2022\/12\/No4_Flatlay-2.png","contentUrl":"https:\/\/robusathletics.com\/wp-content\/uploads\/2022\/12\/No4_Flatlay-2.png","width":1024,"height":768},{"@type":"BreadcrumbList","@id":"https:\/\/robusathletics.com\/et\/toode\/treeningkumm-nr-4\/#breadcrumb","itemListElement":[{"@type":"ListItem","position":1,"name":"Home","item":"https:\/\/robusathletics.com\/et\/"},{"@type":"ListItem","position":2,"name":"Pood","item":"https:\/\/robusathletics.com\/et\/pood\/"},{"@type":"ListItem","position":3,"name":"Treeningkumm nr. 4 (55-80 kg)"}]},{"@type":"WebSite","@id":"https:\/\/robusathletics.com\/et\/#website","url":"https:\/\/robusathletics.com\/et\/","name":"Robus Athletics","description":"","potentialAction":[{"@type":"SearchAction","target":{"@type":"EntryPoint","urlTemplate":"https:\/\/robusathletics.com\/et\/?s={search_term_string}"},"query-input":{"@type":"PropertyValueSpecification","valueRequired":true,"valueName":"search_term_string"}}],"inLanguage":"et"}]}},"_links":{"self":[{"href":"https:\/\/robusathletics.com\/et\/wp-json\/wp\/v2\/product\/5809","targetHints":{"allow":["GET"]}}],"collection":[{"href":"https:\/\/robusathletics.com\/et\/wp-json\/wp\/v2\/product"}],"about":[{"href":"https:\/\/robusathletics.com\/et\/wp-json\/wp\/v2\/types\/product"}],"wp:featuredmedia":[{"embeddable":true,"href":"https:\/\/robusathletics.com\/et\/wp-json\/wp\/v2\/media\/4472"}],"wp:attachment":[{"href":"https:\/\/robusathletics.com\/et\/wp-json\/wp\/v2\/media?parent=5809"}],"wp:term":[{"taxonomy":"product_brand","embeddable":true,"href":"https:\/\/robusathletics.com\/et\/wp-json\/wp\/v2\/product_brand?post=5809"},{"taxonomy":"product_cat","embeddable":true,"href":"https:\/\/robusathletics.com\/et\/wp-json\/wp\/v2\/product_cat?post=5809"},{"taxonomy":"product_tag","embeddable":true,"href":"https:\/\/robusathletics.com\/et\/wp-json\/wp\/v2\/product_tag?post=5809"}],"curies":[{"name":"wp","href":"https:\/\/api.w.org\/{rel}","templated":true}]}}