{"id":5812,"date":"2023-01-25T10:07:18","date_gmt":"2023-01-25T10:07:18","guid":{"rendered":"https:\/\/robusathletics.com\/product\/robus-x-nike-t_shirt\/"},"modified":"2025-12-08T09:04:29","modified_gmt":"2025-12-08T09:04:29","slug":"nike-tsark-meeste","status":"publish","type":"product","link":"https:\/\/robusathletics.com\/et\/toode\/nike-tsark-meeste\/","title":{"rendered":"Meeste T-S\u00e4rk"},"content":{"rendered":"<p><strong>Kirjeldus:<\/strong><br \/>\nAtleetlikkust r\u00f5hutav istuvus tagab suurep\u00e4rase liikumisvabaduse.<\/p>\n<p><strong>Kaelus:<\/strong> \u00dcmarkaelus<br \/>\n<strong>Riie:<\/strong> 100% pol\u00fcester (Dri-Fit)<br \/>\n<strong>Hooldus:<\/strong> Masinpesu 40 kraadiga<br \/>\n<strong>Suurus:<\/strong> Modell kannab suurust M. T-S\u00e4rk on toodetud Nike poolt ning vali suurus selle j\u00e4rgi, mida tavaliselt kannad.<\/p>\n","protected":false},"excerpt":{"rendered":"<p>Kirjeldus: Atleetlikkust r\u00f5hutav istuvus tagab suurep\u00e4rase liikumisvabaduse. Kaelus: \u00dcmarkaelus Riie: 100% pol\u00fcester (Dri-Fit) Hooldus: Masinpesu 40 kraadiga Suurus: Modell kannab suurust M. T-S\u00e4rk on toodetud Nike poolt ning vali suurus selle j\u00e4rgi, mida tavaliselt kannad.<\/p>\n","protected":false},"featured_media":4532,"template":"","meta":{"_acf_changed":false},"product_brand":[],"product_cat":[38],"product_tag":[],"class_list":{"0":"post-5812","1":"product","2":"type-product","3":"status-publish","4":"has-post-thumbnail","6":"product_cat-robuse-tooted","8":"first","9":"instock","10":"sale","11":"taxable","12":"shipping-taxable","13":"purchasable","14":"product-type-variable"},"acf":[],"yoast_head":"<!-- This site is optimized with the Yoast SEO plugin v24.8.1 - https:\/\/yoast.com\/wordpress\/plugins\/seo\/ -->\n<title>Meeste T-S\u00e4rk &#8211; Robus Athletics<\/title>\n<meta name=\"description\" content=\"Atleetlikkust r\u00f5hutav istuvus tagab suurep\u00e4rase liikumisvabaduse. Kehal\u00e4hedane istuvus annab maksimaalse mugavuse. Robuse T-S\u00e4rk on toodetud Nike poolt.\" \/>\n<meta name=\"robots\" content=\"index, follow, max-snippet:-1, max-image-preview:large, max-video-preview:-1\" \/>\n<link rel=\"canonical\" href=\"https:\/\/robusathletics.com\/et\/toode\/nike-tsark-meeste\/\" \/>\n<meta property=\"og:locale\" content=\"et_EE\" \/>\n<meta property=\"og:type\" content=\"article\" \/>\n<meta property=\"og:title\" content=\"Meeste T-S\u00e4rk &#8211; Robus Athletics\" \/>\n<meta property=\"og:description\" content=\"Atleetlikkust r\u00f5hutav istuvus tagab suurep\u00e4rase liikumisvabaduse. Kehal\u00e4hedane istuvus annab maksimaalse mugavuse. Robuse T-S\u00e4rk on toodetud Nike poolt.\" \/>\n<meta property=\"og:url\" content=\"https:\/\/robusathletics.com\/et\/toode\/nike-tsark-meeste\/\" \/>\n<meta property=\"og:site_name\" content=\"Robus Athletics\" \/>\n<meta property=\"article:modified_time\" content=\"2025-12-08T09:04:29+00:00\" \/>\n<meta property=\"og:image\" content=\"https:\/\/robusathletics.com\/wp-content\/uploads\/2023\/01\/T_front.jpg\" \/>\n\t<meta property=\"og:image:width\" content=\"1000\" \/>\n\t<meta property=\"og:image:height\" content=\"1000\" \/>\n\t<meta property=\"og:image:type\" content=\"image\/jpeg\" \/>\n<meta name=\"twitter:card\" content=\"summary_large_image\" \/>\n<meta name=\"twitter:label1\" content=\"Est. reading time\" \/>\n\t<meta name=\"twitter:data1\" content=\"1 minut\" \/>\n<script type=\"application\/ld+json\" class=\"yoast-schema-graph\">{\"@context\":\"https:\/\/schema.org\",\"@graph\":[{\"@type\":\"WebPage\",\"@id\":\"https:\/\/robusathletics.com\/et\/toode\/nike-tsark-meeste\/\",\"url\":\"https:\/\/robusathletics.com\/et\/toode\/nike-tsark-meeste\/\",\"name\":\"Meeste T-S\u00e4rk &#8211; Robus Athletics\",\"isPartOf\":{\"@id\":\"https:\/\/robusathletics.com\/et\/#website\"},\"primaryImageOfPage\":{\"@id\":\"https:\/\/robusathletics.com\/et\/toode\/nike-tsark-meeste\/#primaryimage\"},\"image\":{\"@id\":\"https:\/\/robusathletics.com\/et\/toode\/nike-tsark-meeste\/#primaryimage\"},\"thumbnailUrl\":\"https:\/\/robusathletics.com\/wp-content\/uploads\/2023\/01\/T_front.jpg\",\"datePublished\":\"2023-01-25T10:07:18+00:00\",\"dateModified\":\"2025-12-08T09:04:29+00:00\",\"description\":\"Atleetlikkust r\u00f5hutav istuvus tagab suurep\u00e4rase liikumisvabaduse. Kehal\u00e4hedane istuvus annab maksimaalse mugavuse. Robuse T-S\u00e4rk on toodetud Nike poolt.\",\"breadcrumb\":{\"@id\":\"https:\/\/robusathletics.com\/et\/toode\/nike-tsark-meeste\/#breadcrumb\"},\"inLanguage\":\"et\",\"potentialAction\":[{\"@type\":\"ReadAction\",\"target\":[\"https:\/\/robusathletics.com\/et\/toode\/nike-tsark-meeste\/\"]}]},{\"@type\":\"ImageObject\",\"inLanguage\":\"et\",\"@id\":\"https:\/\/robusathletics.com\/et\/toode\/nike-tsark-meeste\/#primaryimage\",\"url\":\"https:\/\/robusathletics.com\/wp-content\/uploads\/2023\/01\/T_front.jpg\",\"contentUrl\":\"https:\/\/robusathletics.com\/wp-content\/uploads\/2023\/01\/T_front.jpg\",\"width\":1000,\"height\":1000},{\"@type\":\"BreadcrumbList\",\"@id\":\"https:\/\/robusathletics.com\/et\/toode\/nike-tsark-meeste\/#breadcrumb\",\"itemListElement\":[{\"@type\":\"ListItem\",\"position\":1,\"name\":\"Home\",\"item\":\"https:\/\/robusathletics.com\/et\/\"},{\"@type\":\"ListItem\",\"position\":2,\"name\":\"Pood\",\"item\":\"https:\/\/robusathletics.com\/et\/pood\/\"},{\"@type\":\"ListItem\",\"position\":3,\"name\":\"Meeste T-S\u00e4rk\"}]},{\"@type\":\"WebSite\",\"@id\":\"https:\/\/robusathletics.com\/et\/#website\",\"url\":\"https:\/\/robusathletics.com\/et\/\",\"name\":\"Robus Athletics\",\"description\":\"\",\"potentialAction\":[{\"@type\":\"SearchAction\",\"target\":{\"@type\":\"EntryPoint\",\"urlTemplate\":\"https:\/\/robusathletics.com\/et\/?s={search_term_string}\"},\"query-input\":{\"@type\":\"PropertyValueSpecification\",\"valueRequired\":true,\"valueName\":\"search_term_string\"}}],\"inLanguage\":\"et\"}]}<\/script>\n<!-- \/ Yoast SEO plugin. -->","yoast_head_json":{"title":"Meeste T-S\u00e4rk &#8211; Robus Athletics","description":"Atleetlikkust r\u00f5hutav istuvus tagab suurep\u00e4rase liikumisvabaduse. Kehal\u00e4hedane istuvus annab maksimaalse mugavuse. Robuse T-S\u00e4rk on toodetud Nike poolt.","robots":{"index":"index","follow":"follow","max-snippet":"max-snippet:-1","max-image-preview":"max-image-preview:large","max-video-preview":"max-video-preview:-1"},"canonical":"https:\/\/robusathletics.com\/et\/toode\/nike-tsark-meeste\/","og_locale":"et_EE","og_type":"article","og_title":"Meeste T-S\u00e4rk &#8211; Robus Athletics","og_description":"Atleetlikkust r\u00f5hutav istuvus tagab suurep\u00e4rase liikumisvabaduse. Kehal\u00e4hedane istuvus annab maksimaalse mugavuse. Robuse T-S\u00e4rk on toodetud Nike poolt.","og_url":"https:\/\/robusathletics.com\/et\/toode\/nike-tsark-meeste\/","og_site_name":"Robus Athletics","article_modified_time":"2025-12-08T09:04:29+00:00","og_image":[{"width":1000,"height":1000,"url":"https:\/\/robusathletics.com\/wp-content\/uploads\/2023\/01\/T_front.jpg","type":"image\/jpeg"}],"twitter_card":"summary_large_image","twitter_misc":{"Est. reading time":"1 minut"},"schema":{"@context":"https:\/\/schema.org","@graph":[{"@type":"WebPage","@id":"https:\/\/robusathletics.com\/et\/toode\/nike-tsark-meeste\/","url":"https:\/\/robusathletics.com\/et\/toode\/nike-tsark-meeste\/","name":"Meeste T-S\u00e4rk &#8211; Robus Athletics","isPartOf":{"@id":"https:\/\/robusathletics.com\/et\/#website"},"primaryImageOfPage":{"@id":"https:\/\/robusathletics.com\/et\/toode\/nike-tsark-meeste\/#primaryimage"},"image":{"@id":"https:\/\/robusathletics.com\/et\/toode\/nike-tsark-meeste\/#primaryimage"},"thumbnailUrl":"https:\/\/robusathletics.com\/wp-content\/uploads\/2023\/01\/T_front.jpg","datePublished":"2023-01-25T10:07:18+00:00","dateModified":"2025-12-08T09:04:29+00:00","description":"Atleetlikkust r\u00f5hutav istuvus tagab suurep\u00e4rase liikumisvabaduse. Kehal\u00e4hedane istuvus annab maksimaalse mugavuse. Robuse T-S\u00e4rk on toodetud Nike poolt.","breadcrumb":{"@id":"https:\/\/robusathletics.com\/et\/toode\/nike-tsark-meeste\/#breadcrumb"},"inLanguage":"et","potentialAction":[{"@type":"ReadAction","target":["https:\/\/robusathletics.com\/et\/toode\/nike-tsark-meeste\/"]}]},{"@type":"ImageObject","inLanguage":"et","@id":"https:\/\/robusathletics.com\/et\/toode\/nike-tsark-meeste\/#primaryimage","url":"https:\/\/robusathletics.com\/wp-content\/uploads\/2023\/01\/T_front.jpg","contentUrl":"https:\/\/robusathletics.com\/wp-content\/uploads\/2023\/01\/T_front.jpg","width":1000,"height":1000},{"@type":"BreadcrumbList","@id":"https:\/\/robusathletics.com\/et\/toode\/nike-tsark-meeste\/#breadcrumb","itemListElement":[{"@type":"ListItem","position":1,"name":"Home","item":"https:\/\/robusathletics.com\/et\/"},{"@type":"ListItem","position":2,"name":"Pood","item":"https:\/\/robusathletics.com\/et\/pood\/"},{"@type":"ListItem","position":3,"name":"Meeste T-S\u00e4rk"}]},{"@type":"WebSite","@id":"https:\/\/robusathletics.com\/et\/#website","url":"https:\/\/robusathletics.com\/et\/","name":"Robus Athletics","description":"","potentialAction":[{"@type":"SearchAction","target":{"@type":"EntryPoint","urlTemplate":"https:\/\/robusathletics.com\/et\/?s={search_term_string}"},"query-input":{"@type":"PropertyValueSpecification","valueRequired":true,"valueName":"search_term_string"}}],"inLanguage":"et"}]}},"_links":{"self":[{"href":"https:\/\/robusathletics.com\/et\/wp-json\/wp\/v2\/product\/5812","targetHints":{"allow":["GET"]}}],"collection":[{"href":"https:\/\/robusathletics.com\/et\/wp-json\/wp\/v2\/product"}],"about":[{"href":"https:\/\/robusathletics.com\/et\/wp-json\/wp\/v2\/types\/product"}],"wp:featuredmedia":[{"embeddable":true,"href":"https:\/\/robusathletics.com\/et\/wp-json\/wp\/v2\/media\/4532"}],"wp:attachment":[{"href":"https:\/\/robusathletics.com\/et\/wp-json\/wp\/v2\/media?parent=5812"}],"wp:term":[{"taxonomy":"product_brand","embeddable":true,"href":"https:\/\/robusathletics.com\/et\/wp-json\/wp\/v2\/product_brand?post=5812"},{"taxonomy":"product_cat","embeddable":true,"href":"https:\/\/robusathletics.com\/et\/wp-json\/wp\/v2\/product_cat?post=5812"},{"taxonomy":"product_tag","embeddable":true,"href":"https:\/\/robusathletics.com\/et\/wp-json\/wp\/v2\/product_tag?post=5812"}],"curies":[{"name":"wp","href":"https:\/\/api.w.org\/{rel}","templated":true}]}}