{"id":5832,"date":"2022-12-22T13:04:41","date_gmt":"2022-12-22T13:04:41","guid":{"rendered":"https:\/\/robusathletics.com\/product\/robus-x-nike-shorts\/"},"modified":"2023-11-23T17:44:57","modified_gmt":"2023-11-23T17:44:57","slug":"nike-luhikesed-puksid-meeste","status":"publish","type":"product","link":"https:\/\/robusathletics.com\/et\/toode\/nike-luhikesed-puksid-meeste\/","title":{"rendered":"L\u00fchikesed p\u00fcksid"},"content":{"rendered":"<p><strong>Kirjeldus:<\/strong><\/p>\n<p>Ideaalsed Nike l\u00fchikesed p\u00fcksid on valmistatud venivast, kuid samas h\u00e4sti hingavast materjalist.<\/p>\n<p><strong>S\u00e4\u00e4re pikkus:<\/strong> L\u00fchike<br \/>\n<strong>Riie:<\/strong> 100% pol\u00fcester (Dri-Fit)<br \/>\n<strong>Hooldus:<\/strong> Masinpesu 40 kraadiga<br \/>\n<strong>Suurus:<\/strong> Modell kannab suurust M. P\u00fcksid on toodetud Nike poolt ning vali suurus selle j\u00e4rgi, mida tavaliselt kannad.<\/p>\n","protected":false},"excerpt":{"rendered":"<p>Kirjeldus: Ideaalsed Nike l\u00fchikesed p\u00fcksid on valmistatud venivast, kuid samas h\u00e4sti hingavast materjalist. S\u00e4\u00e4re pikkus: L\u00fchike Riie: 100% pol\u00fcester (Dri-Fit) Hooldus: Masinpesu 40 kraadiga Suurus: Modell kannab suurust M. P\u00fcksid on toodetud Nike poolt ning vali suurus selle j\u00e4rgi, mida tavaliselt kannad.<\/p>\n","protected":false},"featured_media":4529,"template":"","meta":{"_acf_changed":false},"product_brand":[],"product_cat":[38],"product_tag":[],"class_list":{"0":"post-5832","1":"product","2":"type-product","3":"status-publish","4":"has-post-thumbnail","6":"product_cat-robuse-tooted","8":"first","9":"outofstock","10":"sale","11":"taxable","12":"shipping-taxable","13":"purchasable","14":"product-type-variable"},"acf":[],"yoast_head":"<!-- This site is optimized with the Yoast SEO plugin v24.8.1 - https:\/\/yoast.com\/wordpress\/plugins\/seo\/ -->\n<title>Nike L\u00fchikesed p\u00fcksid &#8211; Robus Athletics<\/title>\n<meta name=\"description\" content=\"Ideaalsed Nike l\u00fchikesed p\u00fcksid on valmistatud venivast, kuid samas h\u00e4sti hingavast materjalist. Tutvu tootega l\u00e4hemalt..\" \/>\n<meta name=\"robots\" content=\"index, follow, max-snippet:-1, max-image-preview:large, max-video-preview:-1\" \/>\n<link rel=\"canonical\" href=\"https:\/\/robusathletics.com\/et\/toode\/nike-luhikesed-puksid-meeste\/\" \/>\n<meta property=\"og:locale\" content=\"et_EE\" \/>\n<meta property=\"og:type\" content=\"article\" \/>\n<meta property=\"og:title\" content=\"Nike L\u00fchikesed p\u00fcksid &#8211; Robus Athletics\" \/>\n<meta property=\"og:description\" content=\"Ideaalsed Nike l\u00fchikesed p\u00fcksid on valmistatud venivast, kuid samas h\u00e4sti hingavast materjalist. Tutvu tootega l\u00e4hemalt..\" \/>\n<meta property=\"og:url\" content=\"https:\/\/robusathletics.com\/et\/toode\/nike-luhikesed-puksid-meeste\/\" \/>\n<meta property=\"og:site_name\" content=\"Robus Athletics\" \/>\n<meta property=\"article:modified_time\" content=\"2023-11-23T17:44:57+00:00\" \/>\n<meta property=\"og:image\" content=\"https:\/\/robusathletics.com\/wp-content\/uploads\/2022\/12\/Shorts_front.jpg\" \/>\n\t<meta property=\"og:image:width\" content=\"1000\" \/>\n\t<meta property=\"og:image:height\" content=\"1000\" \/>\n\t<meta property=\"og:image:type\" content=\"image\/jpeg\" \/>\n<meta name=\"twitter:card\" content=\"summary_large_image\" \/>\n<meta name=\"twitter:label1\" content=\"Est. reading time\" \/>\n\t<meta name=\"twitter:data1\" content=\"1 minut\" \/>\n<script type=\"application\/ld+json\" class=\"yoast-schema-graph\">{\"@context\":\"https:\/\/schema.org\",\"@graph\":[{\"@type\":\"WebPage\",\"@id\":\"https:\/\/robusathletics.com\/et\/toode\/nike-luhikesed-puksid-meeste\/\",\"url\":\"https:\/\/robusathletics.com\/et\/toode\/nike-luhikesed-puksid-meeste\/\",\"name\":\"Nike L\u00fchikesed p\u00fcksid &#8211; Robus Athletics\",\"isPartOf\":{\"@id\":\"https:\/\/robusathletics.com\/et\/#website\"},\"primaryImageOfPage\":{\"@id\":\"https:\/\/robusathletics.com\/et\/toode\/nike-luhikesed-puksid-meeste\/#primaryimage\"},\"image\":{\"@id\":\"https:\/\/robusathletics.com\/et\/toode\/nike-luhikesed-puksid-meeste\/#primaryimage\"},\"thumbnailUrl\":\"https:\/\/robusathletics.com\/wp-content\/uploads\/2022\/12\/Shorts_front.jpg\",\"datePublished\":\"2022-12-22T13:04:41+00:00\",\"dateModified\":\"2023-11-23T17:44:57+00:00\",\"description\":\"Ideaalsed Nike l\u00fchikesed p\u00fcksid on valmistatud venivast, kuid samas h\u00e4sti hingavast materjalist. Tutvu tootega l\u00e4hemalt..\",\"breadcrumb\":{\"@id\":\"https:\/\/robusathletics.com\/et\/toode\/nike-luhikesed-puksid-meeste\/#breadcrumb\"},\"inLanguage\":\"et\",\"potentialAction\":[{\"@type\":\"ReadAction\",\"target\":[\"https:\/\/robusathletics.com\/et\/toode\/nike-luhikesed-puksid-meeste\/\"]}]},{\"@type\":\"ImageObject\",\"inLanguage\":\"et\",\"@id\":\"https:\/\/robusathletics.com\/et\/toode\/nike-luhikesed-puksid-meeste\/#primaryimage\",\"url\":\"https:\/\/robusathletics.com\/wp-content\/uploads\/2022\/12\/Shorts_front.jpg\",\"contentUrl\":\"https:\/\/robusathletics.com\/wp-content\/uploads\/2022\/12\/Shorts_front.jpg\",\"width\":1000,\"height\":1000},{\"@type\":\"BreadcrumbList\",\"@id\":\"https:\/\/robusathletics.com\/et\/toode\/nike-luhikesed-puksid-meeste\/#breadcrumb\",\"itemListElement\":[{\"@type\":\"ListItem\",\"position\":1,\"name\":\"Home\",\"item\":\"https:\/\/robusathletics.com\/et\/\"},{\"@type\":\"ListItem\",\"position\":2,\"name\":\"Pood\",\"item\":\"https:\/\/robusathletics.com\/et\/pood\/\"},{\"@type\":\"ListItem\",\"position\":3,\"name\":\"L\u00fchikesed p\u00fcksid\"}]},{\"@type\":\"WebSite\",\"@id\":\"https:\/\/robusathletics.com\/et\/#website\",\"url\":\"https:\/\/robusathletics.com\/et\/\",\"name\":\"Robus Athletics\",\"description\":\"\",\"potentialAction\":[{\"@type\":\"SearchAction\",\"target\":{\"@type\":\"EntryPoint\",\"urlTemplate\":\"https:\/\/robusathletics.com\/et\/?s={search_term_string}\"},\"query-input\":{\"@type\":\"PropertyValueSpecification\",\"valueRequired\":true,\"valueName\":\"search_term_string\"}}],\"inLanguage\":\"et\"}]}<\/script>\n<!-- \/ Yoast SEO plugin. -->","yoast_head_json":{"title":"Nike L\u00fchikesed p\u00fcksid &#8211; Robus Athletics","description":"Ideaalsed Nike l\u00fchikesed p\u00fcksid on valmistatud venivast, kuid samas h\u00e4sti hingavast materjalist. Tutvu tootega l\u00e4hemalt..","robots":{"index":"index","follow":"follow","max-snippet":"max-snippet:-1","max-image-preview":"max-image-preview:large","max-video-preview":"max-video-preview:-1"},"canonical":"https:\/\/robusathletics.com\/et\/toode\/nike-luhikesed-puksid-meeste\/","og_locale":"et_EE","og_type":"article","og_title":"Nike L\u00fchikesed p\u00fcksid &#8211; Robus Athletics","og_description":"Ideaalsed Nike l\u00fchikesed p\u00fcksid on valmistatud venivast, kuid samas h\u00e4sti hingavast materjalist. Tutvu tootega l\u00e4hemalt..","og_url":"https:\/\/robusathletics.com\/et\/toode\/nike-luhikesed-puksid-meeste\/","og_site_name":"Robus Athletics","article_modified_time":"2023-11-23T17:44:57+00:00","og_image":[{"width":1000,"height":1000,"url":"https:\/\/robusathletics.com\/wp-content\/uploads\/2022\/12\/Shorts_front.jpg","type":"image\/jpeg"}],"twitter_card":"summary_large_image","twitter_misc":{"Est. reading time":"1 minut"},"schema":{"@context":"https:\/\/schema.org","@graph":[{"@type":"WebPage","@id":"https:\/\/robusathletics.com\/et\/toode\/nike-luhikesed-puksid-meeste\/","url":"https:\/\/robusathletics.com\/et\/toode\/nike-luhikesed-puksid-meeste\/","name":"Nike L\u00fchikesed p\u00fcksid &#8211; Robus Athletics","isPartOf":{"@id":"https:\/\/robusathletics.com\/et\/#website"},"primaryImageOfPage":{"@id":"https:\/\/robusathletics.com\/et\/toode\/nike-luhikesed-puksid-meeste\/#primaryimage"},"image":{"@id":"https:\/\/robusathletics.com\/et\/toode\/nike-luhikesed-puksid-meeste\/#primaryimage"},"thumbnailUrl":"https:\/\/robusathletics.com\/wp-content\/uploads\/2022\/12\/Shorts_front.jpg","datePublished":"2022-12-22T13:04:41+00:00","dateModified":"2023-11-23T17:44:57+00:00","description":"Ideaalsed Nike l\u00fchikesed p\u00fcksid on valmistatud venivast, kuid samas h\u00e4sti hingavast materjalist. Tutvu tootega l\u00e4hemalt..","breadcrumb":{"@id":"https:\/\/robusathletics.com\/et\/toode\/nike-luhikesed-puksid-meeste\/#breadcrumb"},"inLanguage":"et","potentialAction":[{"@type":"ReadAction","target":["https:\/\/robusathletics.com\/et\/toode\/nike-luhikesed-puksid-meeste\/"]}]},{"@type":"ImageObject","inLanguage":"et","@id":"https:\/\/robusathletics.com\/et\/toode\/nike-luhikesed-puksid-meeste\/#primaryimage","url":"https:\/\/robusathletics.com\/wp-content\/uploads\/2022\/12\/Shorts_front.jpg","contentUrl":"https:\/\/robusathletics.com\/wp-content\/uploads\/2022\/12\/Shorts_front.jpg","width":1000,"height":1000},{"@type":"BreadcrumbList","@id":"https:\/\/robusathletics.com\/et\/toode\/nike-luhikesed-puksid-meeste\/#breadcrumb","itemListElement":[{"@type":"ListItem","position":1,"name":"Home","item":"https:\/\/robusathletics.com\/et\/"},{"@type":"ListItem","position":2,"name":"Pood","item":"https:\/\/robusathletics.com\/et\/pood\/"},{"@type":"ListItem","position":3,"name":"L\u00fchikesed p\u00fcksid"}]},{"@type":"WebSite","@id":"https:\/\/robusathletics.com\/et\/#website","url":"https:\/\/robusathletics.com\/et\/","name":"Robus Athletics","description":"","potentialAction":[{"@type":"SearchAction","target":{"@type":"EntryPoint","urlTemplate":"https:\/\/robusathletics.com\/et\/?s={search_term_string}"},"query-input":{"@type":"PropertyValueSpecification","valueRequired":true,"valueName":"search_term_string"}}],"inLanguage":"et"}]}},"_links":{"self":[{"href":"https:\/\/robusathletics.com\/et\/wp-json\/wp\/v2\/product\/5832","targetHints":{"allow":["GET"]}}],"collection":[{"href":"https:\/\/robusathletics.com\/et\/wp-json\/wp\/v2\/product"}],"about":[{"href":"https:\/\/robusathletics.com\/et\/wp-json\/wp\/v2\/types\/product"}],"wp:featuredmedia":[{"embeddable":true,"href":"https:\/\/robusathletics.com\/et\/wp-json\/wp\/v2\/media\/4529"}],"wp:attachment":[{"href":"https:\/\/robusathletics.com\/et\/wp-json\/wp\/v2\/media?parent=5832"}],"wp:term":[{"taxonomy":"product_brand","embeddable":true,"href":"https:\/\/robusathletics.com\/et\/wp-json\/wp\/v2\/product_brand?post=5832"},{"taxonomy":"product_cat","embeddable":true,"href":"https:\/\/robusathletics.com\/et\/wp-json\/wp\/v2\/product_cat?post=5832"},{"taxonomy":"product_tag","embeddable":true,"href":"https:\/\/robusathletics.com\/et\/wp-json\/wp\/v2\/product_tag?post=5832"}],"curies":[{"name":"wp","href":"https:\/\/api.w.org\/{rel}","templated":true}]}}