{"id":5860,"date":"2023-03-15T10:37:02","date_gmt":"2023-03-15T10:37:02","guid":{"rendered":"https:\/\/robusathletics.com\/product\/robus-workouts-daily-pass\/"},"modified":"2024-01-08T09:08:38","modified_gmt":"2024-01-08T09:08:38","slug":"robus-treeningute-paevapilet","status":"publish","type":"product","link":"https:\/\/robusathletics.com\/et\/toode\/robus-treeningute-paevapilet\/","title":{"rendered":"Robus Treeningute P\u00e4evapilet"},"content":{"rendered":"<p>P\u00e4evapilet annab sulle juurdep\u00e4\u00e4su hetkel aktiivsena olevale treeningule. Ligip\u00e4\u00e4s kehtib terve p\u00e4eva.<\/p>\n<p><strong>Kui su osalusm\u00e4\u00e4r (Attendance Score) on \u00fcle 50% siis on sinu jaoks treeningu hind automaatselt poole soodsma, ehk \u20ac1,99. Hind muutub ostukorvis automaatselt.<\/strong><\/p>\n","protected":false},"excerpt":{"rendered":"<p>P\u00e4evapilet annab sulle juurdep\u00e4\u00e4su hetkel aktiivsena olevale treeningule. Ligip\u00e4\u00e4s kehtib terve p\u00e4eva. Kui su osalusm\u00e4\u00e4r (Attendance Score) on \u00fcle 50% siis on sinu jaoks treeningu hind automaatselt poole soodsma, ehk \u20ac1,99. Hind muutub ostukorvis automaatselt.<\/p>\n","protected":false},"featured_media":4535,"template":"","meta":{"_acf_changed":false},"product_brand":[],"product_cat":[39],"product_tag":[],"class_list":{"0":"post-5860","1":"product","2":"type-product","3":"status-publish","4":"has-post-thumbnail","6":"product_cat-kategoriseerimata","8":"first","9":"instock","10":"virtual","11":"taxable","12":"purchasable","13":"product-type-simple"},"acf":[],"yoast_head":"<!-- This site is optimized with the Yoast SEO plugin v24.8.1 - https:\/\/yoast.com\/wordpress\/plugins\/seo\/ -->\n<title>Robus Treeningute P\u00e4evapilet &#8211; Robus Athletics<\/title>\n<meta name=\"description\" content=\"P\u00e4evapilet annab sulle juurdep\u00e4\u00e4su hetkel aktiivsena olevale treeningule. Ligip\u00e4\u00e4s kehtib terve p\u00e4eva. Osalusm\u00e4\u00e4r \u00fcle 50% annab sulle -50% soodustust.\" \/>\n<meta name=\"robots\" content=\"index, follow, max-snippet:-1, max-image-preview:large, max-video-preview:-1\" \/>\n<link rel=\"canonical\" href=\"https:\/\/robusathletics.com\/et\/toode\/robus-treeningute-paevapilet\/\" \/>\n<meta property=\"og:locale\" content=\"et_EE\" \/>\n<meta property=\"og:type\" content=\"article\" \/>\n<meta property=\"og:title\" content=\"Robus Treeningute P\u00e4evapilet &#8211; Robus Athletics\" \/>\n<meta property=\"og:description\" content=\"P\u00e4evapilet annab sulle juurdep\u00e4\u00e4su hetkel aktiivsena olevale treeningule. Ligip\u00e4\u00e4s kehtib terve p\u00e4eva. Osalusm\u00e4\u00e4r \u00fcle 50% annab sulle -50% soodustust.\" \/>\n<meta property=\"og:url\" content=\"https:\/\/robusathletics.com\/et\/toode\/robus-treeningute-paevapilet\/\" \/>\n<meta property=\"og:site_name\" content=\"Robus Athletics\" \/>\n<meta property=\"article:modified_time\" content=\"2024-01-08T09:08:38+00:00\" \/>\n<meta property=\"og:image\" content=\"https:\/\/robusathletics.com\/wp-content\/uploads\/2023\/03\/robus-workouts-daily-pass.png\" \/>\n\t<meta property=\"og:image:width\" content=\"600\" \/>\n\t<meta property=\"og:image:height\" content=\"600\" \/>\n\t<meta property=\"og:image:type\" content=\"image\/png\" \/>\n<meta name=\"twitter:card\" content=\"summary_large_image\" \/>\n<meta name=\"twitter:label1\" content=\"Est. reading time\" \/>\n\t<meta name=\"twitter:data1\" content=\"1 minut\" \/>\n<script type=\"application\/ld+json\" class=\"yoast-schema-graph\">{\"@context\":\"https:\/\/schema.org\",\"@graph\":[{\"@type\":\"WebPage\",\"@id\":\"https:\/\/robusathletics.com\/et\/toode\/robus-treeningute-paevapilet\/\",\"url\":\"https:\/\/robusathletics.com\/et\/toode\/robus-treeningute-paevapilet\/\",\"name\":\"Robus Treeningute P\u00e4evapilet &#8211; Robus Athletics\",\"isPartOf\":{\"@id\":\"https:\/\/robusathletics.com\/et\/#website\"},\"primaryImageOfPage\":{\"@id\":\"https:\/\/robusathletics.com\/et\/toode\/robus-treeningute-paevapilet\/#primaryimage\"},\"image\":{\"@id\":\"https:\/\/robusathletics.com\/et\/toode\/robus-treeningute-paevapilet\/#primaryimage\"},\"thumbnailUrl\":\"https:\/\/robusathletics.com\/wp-content\/uploads\/2023\/03\/robus-workouts-daily-pass.png\",\"datePublished\":\"2023-03-15T10:37:02+00:00\",\"dateModified\":\"2024-01-08T09:08:38+00:00\",\"description\":\"P\u00e4evapilet annab sulle juurdep\u00e4\u00e4su hetkel aktiivsena olevale treeningule. Ligip\u00e4\u00e4s kehtib terve p\u00e4eva. Osalusm\u00e4\u00e4r \u00fcle 50% annab sulle -50% soodustust.\",\"breadcrumb\":{\"@id\":\"https:\/\/robusathletics.com\/et\/toode\/robus-treeningute-paevapilet\/#breadcrumb\"},\"inLanguage\":\"et\",\"potentialAction\":[{\"@type\":\"ReadAction\",\"target\":[\"https:\/\/robusathletics.com\/et\/toode\/robus-treeningute-paevapilet\/\"]}]},{\"@type\":\"ImageObject\",\"inLanguage\":\"et\",\"@id\":\"https:\/\/robusathletics.com\/et\/toode\/robus-treeningute-paevapilet\/#primaryimage\",\"url\":\"https:\/\/robusathletics.com\/wp-content\/uploads\/2023\/03\/robus-workouts-daily-pass.png\",\"contentUrl\":\"https:\/\/robusathletics.com\/wp-content\/uploads\/2023\/03\/robus-workouts-daily-pass.png\",\"width\":600,\"height\":600},{\"@type\":\"BreadcrumbList\",\"@id\":\"https:\/\/robusathletics.com\/et\/toode\/robus-treeningute-paevapilet\/#breadcrumb\",\"itemListElement\":[{\"@type\":\"ListItem\",\"position\":1,\"name\":\"Home\",\"item\":\"https:\/\/robusathletics.com\/et\/\"},{\"@type\":\"ListItem\",\"position\":2,\"name\":\"Pood\",\"item\":\"https:\/\/robusathletics.com\/et\/pood\/\"},{\"@type\":\"ListItem\",\"position\":3,\"name\":\"Robus Treeningute P\u00e4evapilet\"}]},{\"@type\":\"WebSite\",\"@id\":\"https:\/\/robusathletics.com\/et\/#website\",\"url\":\"https:\/\/robusathletics.com\/et\/\",\"name\":\"Robus Athletics\",\"description\":\"\",\"potentialAction\":[{\"@type\":\"SearchAction\",\"target\":{\"@type\":\"EntryPoint\",\"urlTemplate\":\"https:\/\/robusathletics.com\/et\/?s={search_term_string}\"},\"query-input\":{\"@type\":\"PropertyValueSpecification\",\"valueRequired\":true,\"valueName\":\"search_term_string\"}}],\"inLanguage\":\"et\"}]}<\/script>\n<!-- \/ Yoast SEO plugin. -->","yoast_head_json":{"title":"Robus Treeningute P\u00e4evapilet &#8211; Robus Athletics","description":"P\u00e4evapilet annab sulle juurdep\u00e4\u00e4su hetkel aktiivsena olevale treeningule. Ligip\u00e4\u00e4s kehtib terve p\u00e4eva. Osalusm\u00e4\u00e4r \u00fcle 50% annab sulle -50% soodustust.","robots":{"index":"index","follow":"follow","max-snippet":"max-snippet:-1","max-image-preview":"max-image-preview:large","max-video-preview":"max-video-preview:-1"},"canonical":"https:\/\/robusathletics.com\/et\/toode\/robus-treeningute-paevapilet\/","og_locale":"et_EE","og_type":"article","og_title":"Robus Treeningute P\u00e4evapilet &#8211; Robus Athletics","og_description":"P\u00e4evapilet annab sulle juurdep\u00e4\u00e4su hetkel aktiivsena olevale treeningule. Ligip\u00e4\u00e4s kehtib terve p\u00e4eva. Osalusm\u00e4\u00e4r \u00fcle 50% annab sulle -50% soodustust.","og_url":"https:\/\/robusathletics.com\/et\/toode\/robus-treeningute-paevapilet\/","og_site_name":"Robus Athletics","article_modified_time":"2024-01-08T09:08:38+00:00","og_image":[{"width":600,"height":600,"url":"https:\/\/robusathletics.com\/wp-content\/uploads\/2023\/03\/robus-workouts-daily-pass.png","type":"image\/png"}],"twitter_card":"summary_large_image","twitter_misc":{"Est. reading time":"1 minut"},"schema":{"@context":"https:\/\/schema.org","@graph":[{"@type":"WebPage","@id":"https:\/\/robusathletics.com\/et\/toode\/robus-treeningute-paevapilet\/","url":"https:\/\/robusathletics.com\/et\/toode\/robus-treeningute-paevapilet\/","name":"Robus Treeningute P\u00e4evapilet &#8211; Robus Athletics","isPartOf":{"@id":"https:\/\/robusathletics.com\/et\/#website"},"primaryImageOfPage":{"@id":"https:\/\/robusathletics.com\/et\/toode\/robus-treeningute-paevapilet\/#primaryimage"},"image":{"@id":"https:\/\/robusathletics.com\/et\/toode\/robus-treeningute-paevapilet\/#primaryimage"},"thumbnailUrl":"https:\/\/robusathletics.com\/wp-content\/uploads\/2023\/03\/robus-workouts-daily-pass.png","datePublished":"2023-03-15T10:37:02+00:00","dateModified":"2024-01-08T09:08:38+00:00","description":"P\u00e4evapilet annab sulle juurdep\u00e4\u00e4su hetkel aktiivsena olevale treeningule. Ligip\u00e4\u00e4s kehtib terve p\u00e4eva. Osalusm\u00e4\u00e4r \u00fcle 50% annab sulle -50% soodustust.","breadcrumb":{"@id":"https:\/\/robusathletics.com\/et\/toode\/robus-treeningute-paevapilet\/#breadcrumb"},"inLanguage":"et","potentialAction":[{"@type":"ReadAction","target":["https:\/\/robusathletics.com\/et\/toode\/robus-treeningute-paevapilet\/"]}]},{"@type":"ImageObject","inLanguage":"et","@id":"https:\/\/robusathletics.com\/et\/toode\/robus-treeningute-paevapilet\/#primaryimage","url":"https:\/\/robusathletics.com\/wp-content\/uploads\/2023\/03\/robus-workouts-daily-pass.png","contentUrl":"https:\/\/robusathletics.com\/wp-content\/uploads\/2023\/03\/robus-workouts-daily-pass.png","width":600,"height":600},{"@type":"BreadcrumbList","@id":"https:\/\/robusathletics.com\/et\/toode\/robus-treeningute-paevapilet\/#breadcrumb","itemListElement":[{"@type":"ListItem","position":1,"name":"Home","item":"https:\/\/robusathletics.com\/et\/"},{"@type":"ListItem","position":2,"name":"Pood","item":"https:\/\/robusathletics.com\/et\/pood\/"},{"@type":"ListItem","position":3,"name":"Robus Treeningute P\u00e4evapilet"}]},{"@type":"WebSite","@id":"https:\/\/robusathletics.com\/et\/#website","url":"https:\/\/robusathletics.com\/et\/","name":"Robus Athletics","description":"","potentialAction":[{"@type":"SearchAction","target":{"@type":"EntryPoint","urlTemplate":"https:\/\/robusathletics.com\/et\/?s={search_term_string}"},"query-input":{"@type":"PropertyValueSpecification","valueRequired":true,"valueName":"search_term_string"}}],"inLanguage":"et"}]}},"_links":{"self":[{"href":"https:\/\/robusathletics.com\/et\/wp-json\/wp\/v2\/product\/5860","targetHints":{"allow":["GET"]}}],"collection":[{"href":"https:\/\/robusathletics.com\/et\/wp-json\/wp\/v2\/product"}],"about":[{"href":"https:\/\/robusathletics.com\/et\/wp-json\/wp\/v2\/types\/product"}],"wp:featuredmedia":[{"embeddable":true,"href":"https:\/\/robusathletics.com\/et\/wp-json\/wp\/v2\/media\/4535"}],"wp:attachment":[{"href":"https:\/\/robusathletics.com\/et\/wp-json\/wp\/v2\/media?parent=5860"}],"wp:term":[{"taxonomy":"product_brand","embeddable":true,"href":"https:\/\/robusathletics.com\/et\/wp-json\/wp\/v2\/product_brand?post=5860"},{"taxonomy":"product_cat","embeddable":true,"href":"https:\/\/robusathletics.com\/et\/wp-json\/wp\/v2\/product_cat?post=5860"},{"taxonomy":"product_tag","embeddable":true,"href":"https:\/\/robusathletics.com\/et\/wp-json\/wp\/v2\/product_tag?post=5860"}],"curies":[{"name":"wp","href":"https:\/\/api.w.org\/{rel}","templated":true}]}}