{"id":5862,"date":"2023-03-15T15:01:30","date_gmt":"2023-03-15T15:01:30","guid":{"rendered":"https:\/\/robusathletics.com\/product\/robus-workouts-monthly-pass\/"},"modified":"2023-11-24T08:09:43","modified_gmt":"2023-11-24T08:09:43","slug":"robus-treeningute-kuupilet","status":"publish","type":"product","link":"https:\/\/robusathletics.com\/et\/toode\/robus-treeningute-kuupilet\/","title":{"rendered":"Robus Treeningute Kuupilet"},"content":{"rendered":"<p>Kuupilet annab sulle juurdep\u00e4\u00e4su &#8220;Workouts&#8221; treeningutele. Iga n\u00e4dal lisandub 3 uut treeningut (Build, Shred, Signature). Ligip\u00e4\u00e4s kehtib 30 p\u00e4eva.<\/p>\n<p><strong>Kui su osalusm\u00e4\u00e4r (Attendance Score) on \u00fcle 50% siis on sinu jaoks treeningu hind automaatselt poole soodsma, ehk \u20ac9. Hind muutub ostukorvis automaatselt.<\/strong><\/p>\n","protected":false},"excerpt":{"rendered":"<p>Kuupilet annab sulle juurdep\u00e4\u00e4su &#8220;Workouts&#8221; treeningutele. Iga n\u00e4dal lisandub 3 uut treeningut (Build, Shred, Signature). Ligip\u00e4\u00e4s kehtib 30 p\u00e4eva. Kui su osalusm\u00e4\u00e4r (Attendance Score) on \u00fcle 50% siis on sinu jaoks treeningu hind automaatselt poole soodsma, ehk \u20ac9. Hind muutub ostukorvis automaatselt.<\/p>\n","protected":false},"featured_media":4536,"template":"","meta":{"_acf_changed":false},"product_brand":[],"product_cat":[39],"product_tag":[],"class_list":{"0":"post-5862","1":"product","2":"type-product","3":"status-publish","4":"has-post-thumbnail","6":"product_cat-kategoriseerimata","8":"first","9":"instock","10":"virtual","11":"sold-individually","12":"taxable","13":"purchasable","14":"product-type-simple"},"acf":[],"yoast_head":"<!-- This site is optimized with the Yoast SEO plugin v24.8.1 - https:\/\/yoast.com\/wordpress\/plugins\/seo\/ -->\n<title>Robus Treeningute Kuupilet &#8211; Robus Athletics<\/title>\n<meta name=\"description\" content=\"Kuupilet annab sulle juurdep\u00e4\u00e4su &quot;Workouts&quot; treeningutele. Iga n\u00e4dal lisandub 3 uut treeningut (Build, Shred, Signature).\" \/>\n<meta name=\"robots\" content=\"index, follow, max-snippet:-1, max-image-preview:large, max-video-preview:-1\" \/>\n<link rel=\"canonical\" href=\"https:\/\/robusathletics.com\/et\/toode\/robus-treeningute-kuupilet\/\" \/>\n<meta property=\"og:locale\" content=\"et_EE\" \/>\n<meta property=\"og:type\" content=\"article\" \/>\n<meta property=\"og:title\" content=\"Robus Treeningute Kuupilet &#8211; Robus Athletics\" \/>\n<meta property=\"og:description\" content=\"Kuupilet annab sulle juurdep\u00e4\u00e4su &quot;Workouts&quot; treeningutele. Iga n\u00e4dal lisandub 3 uut treeningut (Build, Shred, Signature).\" \/>\n<meta property=\"og:url\" content=\"https:\/\/robusathletics.com\/et\/toode\/robus-treeningute-kuupilet\/\" \/>\n<meta property=\"og:site_name\" content=\"Robus Athletics\" \/>\n<meta property=\"article:modified_time\" content=\"2023-11-24T08:09:43+00:00\" \/>\n<meta property=\"og:image\" content=\"https:\/\/robusathletics.com\/wp-content\/uploads\/2023\/03\/robus-workouts-monthly-pass.png\" \/>\n\t<meta property=\"og:image:width\" content=\"600\" \/>\n\t<meta property=\"og:image:height\" content=\"600\" \/>\n\t<meta property=\"og:image:type\" content=\"image\/png\" \/>\n<meta name=\"twitter:card\" content=\"summary_large_image\" \/>\n<meta name=\"twitter:label1\" content=\"Est. reading time\" \/>\n\t<meta name=\"twitter:data1\" content=\"1 minut\" \/>\n<script type=\"application\/ld+json\" class=\"yoast-schema-graph\">{\"@context\":\"https:\/\/schema.org\",\"@graph\":[{\"@type\":\"WebPage\",\"@id\":\"https:\/\/robusathletics.com\/et\/toode\/robus-treeningute-kuupilet\/\",\"url\":\"https:\/\/robusathletics.com\/et\/toode\/robus-treeningute-kuupilet\/\",\"name\":\"Robus Treeningute Kuupilet &#8211; Robus Athletics\",\"isPartOf\":{\"@id\":\"https:\/\/robusathletics.com\/et\/#website\"},\"primaryImageOfPage\":{\"@id\":\"https:\/\/robusathletics.com\/et\/toode\/robus-treeningute-kuupilet\/#primaryimage\"},\"image\":{\"@id\":\"https:\/\/robusathletics.com\/et\/toode\/robus-treeningute-kuupilet\/#primaryimage\"},\"thumbnailUrl\":\"https:\/\/robusathletics.com\/wp-content\/uploads\/2023\/03\/robus-workouts-monthly-pass.png\",\"datePublished\":\"2023-03-15T15:01:30+00:00\",\"dateModified\":\"2023-11-24T08:09:43+00:00\",\"description\":\"Kuupilet annab sulle juurdep\u00e4\u00e4su \\\"Workouts\\\" treeningutele. Iga n\u00e4dal lisandub 3 uut treeningut (Build, Shred, Signature).\",\"breadcrumb\":{\"@id\":\"https:\/\/robusathletics.com\/et\/toode\/robus-treeningute-kuupilet\/#breadcrumb\"},\"inLanguage\":\"et\",\"potentialAction\":[{\"@type\":\"ReadAction\",\"target\":[\"https:\/\/robusathletics.com\/et\/toode\/robus-treeningute-kuupilet\/\"]}]},{\"@type\":\"ImageObject\",\"inLanguage\":\"et\",\"@id\":\"https:\/\/robusathletics.com\/et\/toode\/robus-treeningute-kuupilet\/#primaryimage\",\"url\":\"https:\/\/robusathletics.com\/wp-content\/uploads\/2023\/03\/robus-workouts-monthly-pass.png\",\"contentUrl\":\"https:\/\/robusathletics.com\/wp-content\/uploads\/2023\/03\/robus-workouts-monthly-pass.png\",\"width\":600,\"height\":600},{\"@type\":\"BreadcrumbList\",\"@id\":\"https:\/\/robusathletics.com\/et\/toode\/robus-treeningute-kuupilet\/#breadcrumb\",\"itemListElement\":[{\"@type\":\"ListItem\",\"position\":1,\"name\":\"Home\",\"item\":\"https:\/\/robusathletics.com\/et\/\"},{\"@type\":\"ListItem\",\"position\":2,\"name\":\"Pood\",\"item\":\"https:\/\/robusathletics.com\/et\/pood\/\"},{\"@type\":\"ListItem\",\"position\":3,\"name\":\"Robus Treeningute Kuupilet\"}]},{\"@type\":\"WebSite\",\"@id\":\"https:\/\/robusathletics.com\/et\/#website\",\"url\":\"https:\/\/robusathletics.com\/et\/\",\"name\":\"Robus Athletics\",\"description\":\"\",\"potentialAction\":[{\"@type\":\"SearchAction\",\"target\":{\"@type\":\"EntryPoint\",\"urlTemplate\":\"https:\/\/robusathletics.com\/et\/?s={search_term_string}\"},\"query-input\":{\"@type\":\"PropertyValueSpecification\",\"valueRequired\":true,\"valueName\":\"search_term_string\"}}],\"inLanguage\":\"et\"}]}<\/script>\n<!-- \/ Yoast SEO plugin. -->","yoast_head_json":{"title":"Robus Treeningute Kuupilet &#8211; Robus Athletics","description":"Kuupilet annab sulle juurdep\u00e4\u00e4su \"Workouts\" treeningutele. Iga n\u00e4dal lisandub 3 uut treeningut (Build, Shred, Signature).","robots":{"index":"index","follow":"follow","max-snippet":"max-snippet:-1","max-image-preview":"max-image-preview:large","max-video-preview":"max-video-preview:-1"},"canonical":"https:\/\/robusathletics.com\/et\/toode\/robus-treeningute-kuupilet\/","og_locale":"et_EE","og_type":"article","og_title":"Robus Treeningute Kuupilet &#8211; Robus Athletics","og_description":"Kuupilet annab sulle juurdep\u00e4\u00e4su \"Workouts\" treeningutele. Iga n\u00e4dal lisandub 3 uut treeningut (Build, Shred, Signature).","og_url":"https:\/\/robusathletics.com\/et\/toode\/robus-treeningute-kuupilet\/","og_site_name":"Robus Athletics","article_modified_time":"2023-11-24T08:09:43+00:00","og_image":[{"width":600,"height":600,"url":"https:\/\/robusathletics.com\/wp-content\/uploads\/2023\/03\/robus-workouts-monthly-pass.png","type":"image\/png"}],"twitter_card":"summary_large_image","twitter_misc":{"Est. reading time":"1 minut"},"schema":{"@context":"https:\/\/schema.org","@graph":[{"@type":"WebPage","@id":"https:\/\/robusathletics.com\/et\/toode\/robus-treeningute-kuupilet\/","url":"https:\/\/robusathletics.com\/et\/toode\/robus-treeningute-kuupilet\/","name":"Robus Treeningute Kuupilet &#8211; Robus Athletics","isPartOf":{"@id":"https:\/\/robusathletics.com\/et\/#website"},"primaryImageOfPage":{"@id":"https:\/\/robusathletics.com\/et\/toode\/robus-treeningute-kuupilet\/#primaryimage"},"image":{"@id":"https:\/\/robusathletics.com\/et\/toode\/robus-treeningute-kuupilet\/#primaryimage"},"thumbnailUrl":"https:\/\/robusathletics.com\/wp-content\/uploads\/2023\/03\/robus-workouts-monthly-pass.png","datePublished":"2023-03-15T15:01:30+00:00","dateModified":"2023-11-24T08:09:43+00:00","description":"Kuupilet annab sulle juurdep\u00e4\u00e4su \"Workouts\" treeningutele. Iga n\u00e4dal lisandub 3 uut treeningut (Build, Shred, Signature).","breadcrumb":{"@id":"https:\/\/robusathletics.com\/et\/toode\/robus-treeningute-kuupilet\/#breadcrumb"},"inLanguage":"et","potentialAction":[{"@type":"ReadAction","target":["https:\/\/robusathletics.com\/et\/toode\/robus-treeningute-kuupilet\/"]}]},{"@type":"ImageObject","inLanguage":"et","@id":"https:\/\/robusathletics.com\/et\/toode\/robus-treeningute-kuupilet\/#primaryimage","url":"https:\/\/robusathletics.com\/wp-content\/uploads\/2023\/03\/robus-workouts-monthly-pass.png","contentUrl":"https:\/\/robusathletics.com\/wp-content\/uploads\/2023\/03\/robus-workouts-monthly-pass.png","width":600,"height":600},{"@type":"BreadcrumbList","@id":"https:\/\/robusathletics.com\/et\/toode\/robus-treeningute-kuupilet\/#breadcrumb","itemListElement":[{"@type":"ListItem","position":1,"name":"Home","item":"https:\/\/robusathletics.com\/et\/"},{"@type":"ListItem","position":2,"name":"Pood","item":"https:\/\/robusathletics.com\/et\/pood\/"},{"@type":"ListItem","position":3,"name":"Robus Treeningute Kuupilet"}]},{"@type":"WebSite","@id":"https:\/\/robusathletics.com\/et\/#website","url":"https:\/\/robusathletics.com\/et\/","name":"Robus Athletics","description":"","potentialAction":[{"@type":"SearchAction","target":{"@type":"EntryPoint","urlTemplate":"https:\/\/robusathletics.com\/et\/?s={search_term_string}"},"query-input":{"@type":"PropertyValueSpecification","valueRequired":true,"valueName":"search_term_string"}}],"inLanguage":"et"}]}},"_links":{"self":[{"href":"https:\/\/robusathletics.com\/et\/wp-json\/wp\/v2\/product\/5862","targetHints":{"allow":["GET"]}}],"collection":[{"href":"https:\/\/robusathletics.com\/et\/wp-json\/wp\/v2\/product"}],"about":[{"href":"https:\/\/robusathletics.com\/et\/wp-json\/wp\/v2\/types\/product"}],"wp:featuredmedia":[{"embeddable":true,"href":"https:\/\/robusathletics.com\/et\/wp-json\/wp\/v2\/media\/4536"}],"wp:attachment":[{"href":"https:\/\/robusathletics.com\/et\/wp-json\/wp\/v2\/media?parent=5862"}],"wp:term":[{"taxonomy":"product_brand","embeddable":true,"href":"https:\/\/robusathletics.com\/et\/wp-json\/wp\/v2\/product_brand?post=5862"},{"taxonomy":"product_cat","embeddable":true,"href":"https:\/\/robusathletics.com\/et\/wp-json\/wp\/v2\/product_cat?post=5862"},{"taxonomy":"product_tag","embeddable":true,"href":"https:\/\/robusathletics.com\/et\/wp-json\/wp\/v2\/product_tag?post=5862"}],"curies":[{"name":"wp","href":"https:\/\/api.w.org\/{rel}","templated":true}]}}