{"id":6135,"date":"2023-12-14T11:41:08","date_gmt":"2023-12-14T11:41:08","guid":{"rendered":"https:\/\/robusathletics.com\/product\/push-up-bars\/"},"modified":"2025-12-08T09:21:10","modified_gmt":"2025-12-08T09:21:10","slug":"paralletid","status":"publish","type":"product","link":"https:\/\/robusathletics.com\/et\/toode\/paralletid\/","title":{"rendered":"Paralletid"},"content":{"rendered":"<p>Robuse paralletid on suurep\u00e4raseks t\u00e4ienduseks sinu Robus GymBars komplektile, v\u00f5imaldades treenida rinna-, \u00f5la- ja \u00f5lavarre kolmpealihaseid (triitseps) veelgi mitmek\u00fclgsemat.<\/p>\n<p>Parallettide k\u00e4epide on nurga all, mis lubab randmetele naturaalsemat hoiet. Lisaks muudavad k\u00e4epidemete pehmendused harjutuste sooritamise mugavaks ning garanteerivad kindla libisemisvastase haarde.<\/p>\n<p>Kiire v\u00e4ljasaatmine 1-2 p\u00e4eva jooksul.<\/p>\n<p>&nbsp;<\/p>\n","protected":false},"excerpt":{"rendered":"<p>Robuse paralletid on suurep\u00e4raseks t\u00e4ienduseks sinu Robus GymBars komplektile, v\u00f5imaldades treenida rinna-, \u00f5la- ja \u00f5lavarre kolmpealihaseid (triitseps) veelgi mitmek\u00fclgsemat. Parallettide k\u00e4epide on nurga all, mis lubab randmetele naturaalsemat hoiet. Lisaks muudavad k\u00e4epidemete pehmendused harjutuste sooritamise mugavaks ning garanteerivad kindla libisemisvastase haarde. Kiire v\u00e4ljasaatmine 1-2 p\u00e4eva jooksul. &nbsp;<\/p>\n","protected":false},"featured_media":6132,"template":"","meta":{"_acf_changed":false},"product_brand":[],"product_cat":[38],"product_tag":[],"class_list":{"0":"post-6135","1":"product","2":"type-product","3":"status-publish","4":"has-post-thumbnail","6":"product_cat-robuse-tooted","8":"first","9":"instock","10":"sale","11":"taxable","12":"shipping-taxable","13":"purchasable","14":"product-type-simple"},"acf":[],"yoast_head":"<!-- This site is optimized with the Yoast SEO plugin v24.8.1 - https:\/\/yoast.com\/wordpress\/plugins\/seo\/ -->\n<title>Paralletid &#8211; Robus Athletics<\/title>\n<meta name=\"description\" content=\"Robuse paralletid v\u00f5imaldavad treenida rinna-, \u00f5la- ja \u00f5lavarre kolmpealihaseid (triitseps) veelgi mitmek\u00fclgsemalt. Vaata l\u00e4hemalt...\" \/>\n<meta name=\"robots\" content=\"index, follow, max-snippet:-1, max-image-preview:large, max-video-preview:-1\" \/>\n<link rel=\"canonical\" href=\"https:\/\/robusathletics.com\/et\/toode\/paralletid\/\" \/>\n<meta property=\"og:locale\" content=\"et_EE\" \/>\n<meta property=\"og:type\" content=\"article\" \/>\n<meta property=\"og:title\" content=\"Paralletid &#8211; Robus Athletics\" \/>\n<meta property=\"og:description\" content=\"Robuse paralletid v\u00f5imaldavad treenida rinna-, \u00f5la- ja \u00f5lavarre kolmpealihaseid (triitseps) veelgi mitmek\u00fclgsemalt. Vaata l\u00e4hemalt...\" \/>\n<meta property=\"og:url\" content=\"https:\/\/robusathletics.com\/et\/toode\/paralletid\/\" \/>\n<meta property=\"og:site_name\" content=\"Robus Athletics\" \/>\n<meta property=\"article:modified_time\" content=\"2025-12-08T09:21:10+00:00\" \/>\n<meta property=\"og:image\" content=\"https:\/\/robusathletics.com\/wp-content\/uploads\/2023\/12\/2_parallettes_transparent_small.png\" \/>\n\t<meta property=\"og:image:width\" content=\"1024\" \/>\n\t<meta property=\"og:image:height\" content=\"768\" \/>\n\t<meta property=\"og:image:type\" content=\"image\/png\" \/>\n<meta name=\"twitter:card\" content=\"summary_large_image\" \/>\n<meta name=\"twitter:label1\" content=\"Est. reading time\" \/>\n\t<meta name=\"twitter:data1\" content=\"1 minut\" \/>\n<script type=\"application\/ld+json\" class=\"yoast-schema-graph\">{\"@context\":\"https:\/\/schema.org\",\"@graph\":[{\"@type\":\"WebPage\",\"@id\":\"https:\/\/robusathletics.com\/et\/toode\/paralletid\/\",\"url\":\"https:\/\/robusathletics.com\/et\/toode\/paralletid\/\",\"name\":\"Paralletid &#8211; Robus Athletics\",\"isPartOf\":{\"@id\":\"https:\/\/robusathletics.com\/et\/#website\"},\"primaryImageOfPage\":{\"@id\":\"https:\/\/robusathletics.com\/et\/toode\/paralletid\/#primaryimage\"},\"image\":{\"@id\":\"https:\/\/robusathletics.com\/et\/toode\/paralletid\/#primaryimage\"},\"thumbnailUrl\":\"https:\/\/robusathletics.com\/wp-content\/uploads\/2023\/12\/2_parallettes_transparent_small.png\",\"datePublished\":\"2023-12-14T11:41:08+00:00\",\"dateModified\":\"2025-12-08T09:21:10+00:00\",\"description\":\"Robuse paralletid v\u00f5imaldavad treenida rinna-, \u00f5la- ja \u00f5lavarre kolmpealihaseid (triitseps) veelgi mitmek\u00fclgsemalt. Vaata l\u00e4hemalt...\",\"breadcrumb\":{\"@id\":\"https:\/\/robusathletics.com\/et\/toode\/paralletid\/#breadcrumb\"},\"inLanguage\":\"et\",\"potentialAction\":[{\"@type\":\"ReadAction\",\"target\":[\"https:\/\/robusathletics.com\/et\/toode\/paralletid\/\"]}]},{\"@type\":\"ImageObject\",\"inLanguage\":\"et\",\"@id\":\"https:\/\/robusathletics.com\/et\/toode\/paralletid\/#primaryimage\",\"url\":\"https:\/\/robusathletics.com\/wp-content\/uploads\/2023\/12\/2_parallettes_transparent_small.png\",\"contentUrl\":\"https:\/\/robusathletics.com\/wp-content\/uploads\/2023\/12\/2_parallettes_transparent_small.png\",\"width\":1024,\"height\":768},{\"@type\":\"BreadcrumbList\",\"@id\":\"https:\/\/robusathletics.com\/et\/toode\/paralletid\/#breadcrumb\",\"itemListElement\":[{\"@type\":\"ListItem\",\"position\":1,\"name\":\"Home\",\"item\":\"https:\/\/robusathletics.com\/et\/\"},{\"@type\":\"ListItem\",\"position\":2,\"name\":\"Pood\",\"item\":\"https:\/\/robusathletics.com\/et\/pood\/\"},{\"@type\":\"ListItem\",\"position\":3,\"name\":\"Paralletid\"}]},{\"@type\":\"WebSite\",\"@id\":\"https:\/\/robusathletics.com\/et\/#website\",\"url\":\"https:\/\/robusathletics.com\/et\/\",\"name\":\"Robus Athletics\",\"description\":\"\",\"potentialAction\":[{\"@type\":\"SearchAction\",\"target\":{\"@type\":\"EntryPoint\",\"urlTemplate\":\"https:\/\/robusathletics.com\/et\/?s={search_term_string}\"},\"query-input\":{\"@type\":\"PropertyValueSpecification\",\"valueRequired\":true,\"valueName\":\"search_term_string\"}}],\"inLanguage\":\"et\"}]}<\/script>\n<!-- \/ Yoast SEO plugin. -->","yoast_head_json":{"title":"Paralletid &#8211; Robus Athletics","description":"Robuse paralletid v\u00f5imaldavad treenida rinna-, \u00f5la- ja \u00f5lavarre kolmpealihaseid (triitseps) veelgi mitmek\u00fclgsemalt. Vaata l\u00e4hemalt...","robots":{"index":"index","follow":"follow","max-snippet":"max-snippet:-1","max-image-preview":"max-image-preview:large","max-video-preview":"max-video-preview:-1"},"canonical":"https:\/\/robusathletics.com\/et\/toode\/paralletid\/","og_locale":"et_EE","og_type":"article","og_title":"Paralletid &#8211; Robus Athletics","og_description":"Robuse paralletid v\u00f5imaldavad treenida rinna-, \u00f5la- ja \u00f5lavarre kolmpealihaseid (triitseps) veelgi mitmek\u00fclgsemalt. Vaata l\u00e4hemalt...","og_url":"https:\/\/robusathletics.com\/et\/toode\/paralletid\/","og_site_name":"Robus Athletics","article_modified_time":"2025-12-08T09:21:10+00:00","og_image":[{"width":1024,"height":768,"url":"https:\/\/robusathletics.com\/wp-content\/uploads\/2023\/12\/2_parallettes_transparent_small.png","type":"image\/png"}],"twitter_card":"summary_large_image","twitter_misc":{"Est. reading time":"1 minut"},"schema":{"@context":"https:\/\/schema.org","@graph":[{"@type":"WebPage","@id":"https:\/\/robusathletics.com\/et\/toode\/paralletid\/","url":"https:\/\/robusathletics.com\/et\/toode\/paralletid\/","name":"Paralletid &#8211; Robus Athletics","isPartOf":{"@id":"https:\/\/robusathletics.com\/et\/#website"},"primaryImageOfPage":{"@id":"https:\/\/robusathletics.com\/et\/toode\/paralletid\/#primaryimage"},"image":{"@id":"https:\/\/robusathletics.com\/et\/toode\/paralletid\/#primaryimage"},"thumbnailUrl":"https:\/\/robusathletics.com\/wp-content\/uploads\/2023\/12\/2_parallettes_transparent_small.png","datePublished":"2023-12-14T11:41:08+00:00","dateModified":"2025-12-08T09:21:10+00:00","description":"Robuse paralletid v\u00f5imaldavad treenida rinna-, \u00f5la- ja \u00f5lavarre kolmpealihaseid (triitseps) veelgi mitmek\u00fclgsemalt. Vaata l\u00e4hemalt...","breadcrumb":{"@id":"https:\/\/robusathletics.com\/et\/toode\/paralletid\/#breadcrumb"},"inLanguage":"et","potentialAction":[{"@type":"ReadAction","target":["https:\/\/robusathletics.com\/et\/toode\/paralletid\/"]}]},{"@type":"ImageObject","inLanguage":"et","@id":"https:\/\/robusathletics.com\/et\/toode\/paralletid\/#primaryimage","url":"https:\/\/robusathletics.com\/wp-content\/uploads\/2023\/12\/2_parallettes_transparent_small.png","contentUrl":"https:\/\/robusathletics.com\/wp-content\/uploads\/2023\/12\/2_parallettes_transparent_small.png","width":1024,"height":768},{"@type":"BreadcrumbList","@id":"https:\/\/robusathletics.com\/et\/toode\/paralletid\/#breadcrumb","itemListElement":[{"@type":"ListItem","position":1,"name":"Home","item":"https:\/\/robusathletics.com\/et\/"},{"@type":"ListItem","position":2,"name":"Pood","item":"https:\/\/robusathletics.com\/et\/pood\/"},{"@type":"ListItem","position":3,"name":"Paralletid"}]},{"@type":"WebSite","@id":"https:\/\/robusathletics.com\/et\/#website","url":"https:\/\/robusathletics.com\/et\/","name":"Robus Athletics","description":"","potentialAction":[{"@type":"SearchAction","target":{"@type":"EntryPoint","urlTemplate":"https:\/\/robusathletics.com\/et\/?s={search_term_string}"},"query-input":{"@type":"PropertyValueSpecification","valueRequired":true,"valueName":"search_term_string"}}],"inLanguage":"et"}]}},"_links":{"self":[{"href":"https:\/\/robusathletics.com\/et\/wp-json\/wp\/v2\/product\/6135","targetHints":{"allow":["GET"]}}],"collection":[{"href":"https:\/\/robusathletics.com\/et\/wp-json\/wp\/v2\/product"}],"about":[{"href":"https:\/\/robusathletics.com\/et\/wp-json\/wp\/v2\/types\/product"}],"wp:featuredmedia":[{"embeddable":true,"href":"https:\/\/robusathletics.com\/et\/wp-json\/wp\/v2\/media\/6132"}],"wp:attachment":[{"href":"https:\/\/robusathletics.com\/et\/wp-json\/wp\/v2\/media?parent=6135"}],"wp:term":[{"taxonomy":"product_brand","embeddable":true,"href":"https:\/\/robusathletics.com\/et\/wp-json\/wp\/v2\/product_brand?post=6135"},{"taxonomy":"product_cat","embeddable":true,"href":"https:\/\/robusathletics.com\/et\/wp-json\/wp\/v2\/product_cat?post=6135"},{"taxonomy":"product_tag","embeddable":true,"href":"https:\/\/robusathletics.com\/et\/wp-json\/wp\/v2\/product_tag?post=6135"}],"curies":[{"name":"wp","href":"https:\/\/api.w.org\/{rel}","templated":true}]}}