{"id":8450,"date":"2025-05-18T18:10:06","date_gmt":"2025-05-18T18:10:06","guid":{"rendered":"https:\/\/robusathletics.com\/?post_type=product&#038;p=8450"},"modified":"2025-07-28T19:54:50","modified_gmt":"2025-07-28T19:54:50","slug":"gymbars-pro","status":"publish","type":"product","link":"https:\/\/robusathletics.com\/et\/toode\/gymbars-pro\/","title":{"rendered":"GymBars PRO komplekt"},"content":{"rendered":"<p><strong>V\u00e4lja t\u00f6\u00f6tatud ning valmistatud Eestis!<\/strong><\/p>\n<p>Patenteeritud GymBars PRO on kompaktseim tark treenings\u00fcsteem maailmas. Treeni kodus, \u00f5ues v\u00f5i reisil olles ning saa j\u00f5usaaliga v\u00f5rreldavaid tulemusi.<\/p>\n<p>GymBars PRO annab sulle reaalajas <strong>t\u00e4pset infot nii kasutatavate raskuste kui sooritatud treeningmahu kohta, salvestades andmed automaatselt sinu treeningp\u00e4evikusse.<\/strong><\/p>\n<p class=\"lead\">Robus GymBars PRO komplekt sisaldab:<\/p>\n<ul>\n<li>1x GymBars PRO (paar)<\/li>\n<li>1x Ukseankur<\/li>\n<li>1x Nr. 1 treeningkumm 7 kg<\/li>\n<li>1x Nr. 2 treeningkumm 12 kg<\/li>\n<li>1x Nr. 3 treeningkumm 55 kg<\/li>\n<li>TASUTA harjutustepank (iOS ja Android)<\/li>\n<\/ul>\n","protected":false},"excerpt":{"rendered":"<p>Kompaktseim tark treenings\u00fcsteem maailmas.<\/p>\n<ul>\n<li>1x GymBars PRO (paar)<\/li>\n<li>1x Ukseankur<\/li>\n<li>1x Nr. 1 treeningkumm 7 kg<\/li>\n<li>1x Nr. 2 treeningkumm 12 kg<\/li>\n<li>1x Nr. 3 treeningkumm 55 kg<\/li>\n<li>TASUTA harjutustepank (iOS ja Android)<\/li>\n<\/ul>\n","protected":false},"featured_media":8074,"template":"","meta":{"_acf_changed":false},"product_brand":[],"product_cat":[],"product_tag":[],"class_list":{"0":"post-8450","1":"product","2":"type-product","3":"status-publish","4":"has-post-thumbnail","7":"first","8":"instock","9":"taxable","10":"shipping-taxable","11":"purchasable","12":"product-type-simple"},"acf":[],"yoast_head":"<!-- This site is optimized with the Yoast SEO plugin v24.8.1 - https:\/\/yoast.com\/wordpress\/plugins\/seo\/ -->\n<title>GymBars PRO komplekt &#8211; Robus Athletics<\/title>\n<meta name=\"robots\" content=\"index, follow, max-snippet:-1, max-image-preview:large, max-video-preview:-1\" \/>\n<link rel=\"canonical\" href=\"https:\/\/robusathletics.com\/et\/toode\/gymbars-pro\/\" \/>\n<meta property=\"og:locale\" content=\"et_EE\" \/>\n<meta property=\"og:type\" content=\"article\" \/>\n<meta property=\"og:title\" content=\"GymBars PRO komplekt &#8211; Robus Athletics\" \/>\n<meta property=\"og:description\" content=\"Kompaktseim tark treenings\u00fcsteem maailmas.   1x GymBars PRO (paar)  1x Ukseankur  1x Nr. 1 treeningkumm 7 kg  1x Nr. 2 treeningkumm 12 kg  1x Nr. 3 treeningkumm 55 kg  TASUTA harjutustepank (iOS ja Android)\" \/>\n<meta property=\"og:url\" content=\"https:\/\/robusathletics.com\/et\/toode\/gymbars-pro\/\" \/>\n<meta property=\"og:site_name\" content=\"Robus Athletics\" \/>\n<meta property=\"article:modified_time\" content=\"2025-07-28T19:54:50+00:00\" \/>\n<meta property=\"og:image\" content=\"https:\/\/robusathletics.com\/wp-content\/uploads\/2025\/04\/shopnow.png\" \/>\n\t<meta property=\"og:image:width\" content=\"1920\" \/>\n\t<meta property=\"og:image:height\" content=\"1200\" \/>\n\t<meta property=\"og:image:type\" content=\"image\/png\" \/>\n<meta name=\"twitter:card\" content=\"summary_large_image\" \/>\n<meta name=\"twitter:label1\" content=\"Est. reading time\" \/>\n\t<meta name=\"twitter:data1\" content=\"1 minut\" \/>\n<script type=\"application\/ld+json\" class=\"yoast-schema-graph\">{\"@context\":\"https:\/\/schema.org\",\"@graph\":[{\"@type\":\"WebPage\",\"@id\":\"https:\/\/robusathletics.com\/et\/toode\/gymbars-pro\/\",\"url\":\"https:\/\/robusathletics.com\/et\/toode\/gymbars-pro\/\",\"name\":\"GymBars PRO komplekt &#8211; Robus Athletics\",\"isPartOf\":{\"@id\":\"https:\/\/robusathletics.com\/et\/#website\"},\"primaryImageOfPage\":{\"@id\":\"https:\/\/robusathletics.com\/et\/toode\/gymbars-pro\/#primaryimage\"},\"image\":{\"@id\":\"https:\/\/robusathletics.com\/et\/toode\/gymbars-pro\/#primaryimage\"},\"thumbnailUrl\":\"https:\/\/robusathletics.com\/wp-content\/uploads\/2025\/04\/shopnow.png\",\"datePublished\":\"2025-05-18T18:10:06+00:00\",\"dateModified\":\"2025-07-28T19:54:50+00:00\",\"breadcrumb\":{\"@id\":\"https:\/\/robusathletics.com\/et\/toode\/gymbars-pro\/#breadcrumb\"},\"inLanguage\":\"et\",\"potentialAction\":[{\"@type\":\"ReadAction\",\"target\":[\"https:\/\/robusathletics.com\/et\/toode\/gymbars-pro\/\"]}]},{\"@type\":\"ImageObject\",\"inLanguage\":\"et\",\"@id\":\"https:\/\/robusathletics.com\/et\/toode\/gymbars-pro\/#primaryimage\",\"url\":\"https:\/\/robusathletics.com\/wp-content\/uploads\/2025\/04\/shopnow.png\",\"contentUrl\":\"https:\/\/robusathletics.com\/wp-content\/uploads\/2025\/04\/shopnow.png\",\"width\":1920,\"height\":1200},{\"@type\":\"BreadcrumbList\",\"@id\":\"https:\/\/robusathletics.com\/et\/toode\/gymbars-pro\/#breadcrumb\",\"itemListElement\":[{\"@type\":\"ListItem\",\"position\":1,\"name\":\"Home\",\"item\":\"https:\/\/robusathletics.com\/et\/\"},{\"@type\":\"ListItem\",\"position\":2,\"name\":\"Pood\",\"item\":\"https:\/\/robusathletics.com\/et\/pood\/\"},{\"@type\":\"ListItem\",\"position\":3,\"name\":\"GymBars PRO komplekt\"}]},{\"@type\":\"WebSite\",\"@id\":\"https:\/\/robusathletics.com\/et\/#website\",\"url\":\"https:\/\/robusathletics.com\/et\/\",\"name\":\"Robus Athletics\",\"description\":\"\",\"potentialAction\":[{\"@type\":\"SearchAction\",\"target\":{\"@type\":\"EntryPoint\",\"urlTemplate\":\"https:\/\/robusathletics.com\/et\/?s={search_term_string}\"},\"query-input\":{\"@type\":\"PropertyValueSpecification\",\"valueRequired\":true,\"valueName\":\"search_term_string\"}}],\"inLanguage\":\"et\"}]}<\/script>\n<!-- \/ Yoast SEO plugin. -->","yoast_head_json":{"title":"GymBars PRO komplekt &#8211; Robus Athletics","robots":{"index":"index","follow":"follow","max-snippet":"max-snippet:-1","max-image-preview":"max-image-preview:large","max-video-preview":"max-video-preview:-1"},"canonical":"https:\/\/robusathletics.com\/et\/toode\/gymbars-pro\/","og_locale":"et_EE","og_type":"article","og_title":"GymBars PRO komplekt &#8211; Robus Athletics","og_description":"Kompaktseim tark treenings\u00fcsteem maailmas.   1x GymBars PRO (paar)  1x Ukseankur  1x Nr. 1 treeningkumm 7 kg  1x Nr. 2 treeningkumm 12 kg  1x Nr. 3 treeningkumm 55 kg  TASUTA harjutustepank (iOS ja Android)","og_url":"https:\/\/robusathletics.com\/et\/toode\/gymbars-pro\/","og_site_name":"Robus Athletics","article_modified_time":"2025-07-28T19:54:50+00:00","og_image":[{"width":1920,"height":1200,"url":"https:\/\/robusathletics.com\/wp-content\/uploads\/2025\/04\/shopnow.png","type":"image\/png"}],"twitter_card":"summary_large_image","twitter_misc":{"Est. reading time":"1 minut"},"schema":{"@context":"https:\/\/schema.org","@graph":[{"@type":"WebPage","@id":"https:\/\/robusathletics.com\/et\/toode\/gymbars-pro\/","url":"https:\/\/robusathletics.com\/et\/toode\/gymbars-pro\/","name":"GymBars PRO komplekt &#8211; Robus Athletics","isPartOf":{"@id":"https:\/\/robusathletics.com\/et\/#website"},"primaryImageOfPage":{"@id":"https:\/\/robusathletics.com\/et\/toode\/gymbars-pro\/#primaryimage"},"image":{"@id":"https:\/\/robusathletics.com\/et\/toode\/gymbars-pro\/#primaryimage"},"thumbnailUrl":"https:\/\/robusathletics.com\/wp-content\/uploads\/2025\/04\/shopnow.png","datePublished":"2025-05-18T18:10:06+00:00","dateModified":"2025-07-28T19:54:50+00:00","breadcrumb":{"@id":"https:\/\/robusathletics.com\/et\/toode\/gymbars-pro\/#breadcrumb"},"inLanguage":"et","potentialAction":[{"@type":"ReadAction","target":["https:\/\/robusathletics.com\/et\/toode\/gymbars-pro\/"]}]},{"@type":"ImageObject","inLanguage":"et","@id":"https:\/\/robusathletics.com\/et\/toode\/gymbars-pro\/#primaryimage","url":"https:\/\/robusathletics.com\/wp-content\/uploads\/2025\/04\/shopnow.png","contentUrl":"https:\/\/robusathletics.com\/wp-content\/uploads\/2025\/04\/shopnow.png","width":1920,"height":1200},{"@type":"BreadcrumbList","@id":"https:\/\/robusathletics.com\/et\/toode\/gymbars-pro\/#breadcrumb","itemListElement":[{"@type":"ListItem","position":1,"name":"Home","item":"https:\/\/robusathletics.com\/et\/"},{"@type":"ListItem","position":2,"name":"Pood","item":"https:\/\/robusathletics.com\/et\/pood\/"},{"@type":"ListItem","position":3,"name":"GymBars PRO komplekt"}]},{"@type":"WebSite","@id":"https:\/\/robusathletics.com\/et\/#website","url":"https:\/\/robusathletics.com\/et\/","name":"Robus Athletics","description":"","potentialAction":[{"@type":"SearchAction","target":{"@type":"EntryPoint","urlTemplate":"https:\/\/robusathletics.com\/et\/?s={search_term_string}"},"query-input":{"@type":"PropertyValueSpecification","valueRequired":true,"valueName":"search_term_string"}}],"inLanguage":"et"}]}},"_links":{"self":[{"href":"https:\/\/robusathletics.com\/et\/wp-json\/wp\/v2\/product\/8450","targetHints":{"allow":["GET"]}}],"collection":[{"href":"https:\/\/robusathletics.com\/et\/wp-json\/wp\/v2\/product"}],"about":[{"href":"https:\/\/robusathletics.com\/et\/wp-json\/wp\/v2\/types\/product"}],"wp:featuredmedia":[{"embeddable":true,"href":"https:\/\/robusathletics.com\/et\/wp-json\/wp\/v2\/media\/8074"}],"wp:attachment":[{"href":"https:\/\/robusathletics.com\/et\/wp-json\/wp\/v2\/media?parent=8450"}],"wp:term":[{"taxonomy":"product_brand","embeddable":true,"href":"https:\/\/robusathletics.com\/et\/wp-json\/wp\/v2\/product_brand?post=8450"},{"taxonomy":"product_cat","embeddable":true,"href":"https:\/\/robusathletics.com\/et\/wp-json\/wp\/v2\/product_cat?post=8450"},{"taxonomy":"product_tag","embeddable":true,"href":"https:\/\/robusathletics.com\/et\/wp-json\/wp\/v2\/product_tag?post=8450"}],"curies":[{"name":"wp","href":"https:\/\/api.w.org\/{rel}","templated":true}]}}